{"id":33720,"date":"2025-06-20T12:21:21","date_gmt":"2025-06-20T10:21:22","guid":{"rendered":"https:\/\/www.cudieshop.com\/?post_type=product&#038;p=33720"},"modified":"2025-06-23T11:21:53","modified_gmt":"2025-06-23T09:21:53","slug":"catanias-yogulate","status":"publish","type":"product","link":"https:\/\/www.cudieshop.com\/es\/producto\/catanias-yogulate\/","title":{"rendered":"Catanias\u00ae Yogulate"},"content":{"rendered":"<div>Las Yogulate son una fresca combinaci\u00f3n de chocolate blanco con frutos secos y un toque de yogur griego. Las elaboramos artesanalmente caramelizando almendras mediterr\u00e1neas y ba\u00f1\u00e1ndolas con chocolate blanco y yogur griego.<\/div>\n","protected":false},"excerpt":{"rendered":"<p>Descubre la creaci\u00f3n m\u00e1s fresca de<strong> Catanias\u00ae Cudi\u00e9<\/strong>, las <strong>Catanias\u00ae de Yogulate<\/strong>. <strong>Almendra mediterr\u00e1nea<\/strong> caramelizada recubierta de <strong>pralin\u00e9<\/strong> de avellana y <strong>yogur griego.<\/strong> Sin gluten.<\/p>\n","protected":false},"featured_media":33739,"template":"","meta":[],"product_cat":[12],"product_tag":[],"yoast_head":"<!-- This site is optimized with the Yoast SEO plugin v22.6 - https:\/\/yoast.com\/wordpress\/plugins\/seo\/ -->\n<title>Catanias\u00ae Yogulate | Cudi\u00e9 Tienda Online<\/title>\n<meta name=\"description\" content=\"Descubre la creaci\u00f3n m\u00e1s fresca de Cudi\u00e9, las Catanias de Yogulate. Almendra Mediterr\u00e1nea caramelizada recubierta de pralin\u00e9 de avellana y yogur griego.\" \/>\n<meta name=\"robots\" content=\"index, follow, max-snippet:-1, max-image-preview:large, max-video-preview:-1\" \/>\n<link rel=\"canonical\" href=\"https:\/\/www.cudieshop.com\/es\/producto\/catanias-yogulate\/\" \/>\n<meta property=\"og:locale\" content=\"es_ES\" \/>\n<meta property=\"og:type\" content=\"article\" \/>\n<meta property=\"og:title\" content=\"Catanias\u00ae Yogulate | Cudi\u00e9 Tienda Online\" \/>\n<meta property=\"og:description\" content=\"Descubre la creaci\u00f3n m\u00e1s fresca de Cudi\u00e9, las Catanias de Yogulate. Almendra Mediterr\u00e1nea caramelizada recubierta de pralin\u00e9 de avellana y yogur griego.\" \/>\n<meta property=\"og:url\" content=\"https:\/\/www.cudieshop.com\/es\/producto\/catanias-yogulate\/\" \/>\n<meta property=\"og:site_name\" content=\"Cudieshop\" \/>\n<meta property=\"article:modified_time\" content=\"2025-06-23T09:21:53+00:00\" \/>\n<meta property=\"og:image\" content=\"https:\/\/www.cudieshop.com\/wp-content\/uploads\/2025\/06\/3.png\" \/>\n\t<meta property=\"og:image:width\" content=\"1792\" \/>\n\t<meta property=\"og:image:height\" content=\"1792\" \/>\n\t<meta property=\"og:image:type\" content=\"image\/png\" \/>\n<meta name=\"twitter:card\" content=\"summary_large_image\" \/>\n<meta name=\"twitter:label1\" content=\"Tiempo de lectura\" \/>\n\t<meta name=\"twitter:data1\" content=\"1 minuto\" \/>\n<script type=\"application\/ld+json\" class=\"yoast-schema-graph\">{\"@context\":\"https:\/\/schema.org\",\"@graph\":[{\"@type\":\"WebPage\",\"@id\":\"https:\/\/www.cudieshop.com\/es\/producto\/catanias-yogulate\/\",\"url\":\"https:\/\/www.cudieshop.com\/es\/producto\/catanias-yogulate\/\",\"name\":\"Catanias\u00ae Yogulate | Cudi\u00e9 Tienda Online\",\"isPartOf\":{\"@id\":\"https:\/\/www.cudieshop.com\/#website\"},\"primaryImageOfPage\":{\"@id\":\"https:\/\/www.cudieshop.com\/es\/producto\/catanias-yogulate\/#primaryimage\"},\"image\":{\"@id\":\"https:\/\/www.cudieshop.com\/es\/producto\/catanias-yogulate\/#primaryimage\"},\"thumbnailUrl\":\"https:\/\/www.cudieshop.com\/wp-content\/uploads\/2025\/06\/3.png\",\"datePublished\":\"2025-06-20T10:21:22+00:00\",\"dateModified\":\"2025-06-23T09:21:53+00:00\",\"description\":\"Descubre la creaci\u00f3n m\u00e1s fresca de Cudi\u00e9, las Catanias de Yogulate. Almendra Mediterr\u00e1nea caramelizada recubierta de pralin\u00e9 de avellana y yogur griego.\",\"breadcrumb\":{\"@id\":\"https:\/\/www.cudieshop.com\/es\/producto\/catanias-yogulate\/#breadcrumb\"},\"inLanguage\":\"es\",\"potentialAction\":[{\"@type\":\"ReadAction\",\"target\":[\"https:\/\/www.cudieshop.com\/es\/producto\/catanias-yogulate\/\"]}]},{\"@type\":\"ImageObject\",\"inLanguage\":\"es\",\"@id\":\"https:\/\/www.cudieshop.com\/es\/producto\/catanias-yogulate\/#primaryimage\",\"url\":\"https:\/\/www.cudieshop.com\/wp-content\/uploads\/2025\/06\/3.png\",\"contentUrl\":\"https:\/\/www.cudieshop.com\/wp-content\/uploads\/2025\/06\/3.png\",\"width\":1792,\"height\":1792},{\"@type\":\"BreadcrumbList\",\"@id\":\"https:\/\/www.cudieshop.com\/es\/producto\/catanias-yogulate\/#breadcrumb\",\"itemListElement\":[{\"@type\":\"ListItem\",\"position\":1,\"name\":\"Inici\",\"item\":\"https:\/\/www.cudieshop.com\/es\/\"},{\"@type\":\"ListItem\",\"position\":2,\"name\":\"Productos\",\"item\":\"https:\/\/www.cudieshop.com\/es\/shop\/\"},{\"@type\":\"ListItem\",\"position\":3,\"name\":\"Catanias\u00ae Yogulate\"}]},{\"@type\":\"WebSite\",\"@id\":\"https:\/\/www.cudieshop.com\/#website\",\"url\":\"https:\/\/www.cudieshop.com\/\",\"name\":\"Cudieshop\",\"description\":\"Bombons Cudi\u00e9\",\"potentialAction\":[{\"@type\":\"SearchAction\",\"target\":{\"@type\":\"EntryPoint\",\"urlTemplate\":\"https:\/\/www.cudieshop.com\/?s={search_term_string}\"},\"query-input\":\"required name=search_term_string\"}],\"inLanguage\":\"es\"}]}<\/script>\n<!-- \/ Yoast SEO plugin. -->","yoast_head_json":{"title":"Catanias\u00ae Yogulate | Cudi\u00e9 Tienda Online","description":"Descubre la creaci\u00f3n m\u00e1s fresca de Cudi\u00e9, las Catanias de Yogulate. Almendra Mediterr\u00e1nea caramelizada recubierta de pralin\u00e9 de avellana y yogur griego.","robots":{"index":"index","follow":"follow","max-snippet":"max-snippet:-1","max-image-preview":"max-image-preview:large","max-video-preview":"max-video-preview:-1"},"canonical":"https:\/\/www.cudieshop.com\/es\/producto\/catanias-yogulate\/","og_locale":"es_ES","og_type":"article","og_title":"Catanias\u00ae Yogulate | Cudi\u00e9 Tienda Online","og_description":"Descubre la creaci\u00f3n m\u00e1s fresca de Cudi\u00e9, las Catanias de Yogulate. Almendra Mediterr\u00e1nea caramelizada recubierta de pralin\u00e9 de avellana y yogur griego.","og_url":"https:\/\/www.cudieshop.com\/es\/producto\/catanias-yogulate\/","og_site_name":"Cudieshop","article_modified_time":"2025-06-23T09:21:53+00:00","og_image":[{"width":1792,"height":1792,"url":"https:\/\/www.cudieshop.com\/wp-content\/uploads\/2025\/06\/3.png","type":"image\/png"}],"twitter_card":"summary_large_image","twitter_misc":{"Tiempo de lectura":"1 minuto"},"schema":{"@context":"https:\/\/schema.org","@graph":[{"@type":"WebPage","@id":"https:\/\/www.cudieshop.com\/es\/producto\/catanias-yogulate\/","url":"https:\/\/www.cudieshop.com\/es\/producto\/catanias-yogulate\/","name":"Catanias\u00ae Yogulate | Cudi\u00e9 Tienda Online","isPartOf":{"@id":"https:\/\/www.cudieshop.com\/#website"},"primaryImageOfPage":{"@id":"https:\/\/www.cudieshop.com\/es\/producto\/catanias-yogulate\/#primaryimage"},"image":{"@id":"https:\/\/www.cudieshop.com\/es\/producto\/catanias-yogulate\/#primaryimage"},"thumbnailUrl":"https:\/\/www.cudieshop.com\/wp-content\/uploads\/2025\/06\/3.png","datePublished":"2025-06-20T10:21:22+00:00","dateModified":"2025-06-23T09:21:53+00:00","description":"Descubre la creaci\u00f3n m\u00e1s fresca de Cudi\u00e9, las Catanias de Yogulate. Almendra Mediterr\u00e1nea caramelizada recubierta de pralin\u00e9 de avellana y yogur griego.","breadcrumb":{"@id":"https:\/\/www.cudieshop.com\/es\/producto\/catanias-yogulate\/#breadcrumb"},"inLanguage":"es","potentialAction":[{"@type":"ReadAction","target":["https:\/\/www.cudieshop.com\/es\/producto\/catanias-yogulate\/"]}]},{"@type":"ImageObject","inLanguage":"es","@id":"https:\/\/www.cudieshop.com\/es\/producto\/catanias-yogulate\/#primaryimage","url":"https:\/\/www.cudieshop.com\/wp-content\/uploads\/2025\/06\/3.png","contentUrl":"https:\/\/www.cudieshop.com\/wp-content\/uploads\/2025\/06\/3.png","width":1792,"height":1792},{"@type":"BreadcrumbList","@id":"https:\/\/www.cudieshop.com\/es\/producto\/catanias-yogulate\/#breadcrumb","itemListElement":[{"@type":"ListItem","position":1,"name":"Inici","item":"https:\/\/www.cudieshop.com\/es\/"},{"@type":"ListItem","position":2,"name":"Productos","item":"https:\/\/www.cudieshop.com\/es\/shop\/"},{"@type":"ListItem","position":3,"name":"Catanias\u00ae Yogulate"}]},{"@type":"WebSite","@id":"https:\/\/www.cudieshop.com\/#website","url":"https:\/\/www.cudieshop.com\/","name":"Cudieshop","description":"Bombons Cudi\u00e9","potentialAction":[{"@type":"SearchAction","target":{"@type":"EntryPoint","urlTemplate":"https:\/\/www.cudieshop.com\/?s={search_term_string}"},"query-input":"required name=search_term_string"}],"inLanguage":"es"}]}},"_links":{"self":[{"href":"https:\/\/www.cudieshop.com\/es\/wp-json\/wp\/v2\/product\/33720"}],"collection":[{"href":"https:\/\/www.cudieshop.com\/es\/wp-json\/wp\/v2\/product"}],"about":[{"href":"https:\/\/www.cudieshop.com\/es\/wp-json\/wp\/v2\/types\/product"}],"wp:featuredmedia":[{"embeddable":true,"href":"https:\/\/www.cudieshop.com\/es\/wp-json\/wp\/v2\/media\/33739"}],"wp:attachment":[{"href":"https:\/\/www.cudieshop.com\/es\/wp-json\/wp\/v2\/media?parent=33720"}],"wp:term":[{"taxonomy":"product_cat","embeddable":true,"href":"https:\/\/www.cudieshop.com\/es\/wp-json\/wp\/v2\/product_cat?post=33720"},{"taxonomy":"product_tag","embeddable":true,"href":"https:\/\/www.cudieshop.com\/es\/wp-json\/wp\/v2\/product_tag?post=33720"}],"curies":[{"name":"wp","href":"https:\/\/api.w.org\/{rel}","templated":true}]}}