{"id":30478,"date":"2023-07-20T16:37:29","date_gmt":"2023-07-20T14:37:29","guid":{"rendered":"https:\/\/www.cudieshop.com\/?post_type=product&#038;p=30478"},"modified":"2024-05-09T15:51:59","modified_gmt":"2024-05-09T13:51:59","slug":"nueva-collection-500g-76u-aprox","status":"publish","type":"product","link":"https:\/\/www.cudieshop.com\/es\/producto\/nueva-collection-500g-76u-aprox\/","title":{"rendered":"Nueva Collection 500g &#8211; 76u aprox"},"content":{"rendered":"<p>Las <strong>Catanias\u00ae<\/strong> fueron creadas en 1946 por el chocolatero Josep Cudi\u00e9. Con los a\u00f1os se han convertido en un bomb\u00f3n muy popular gracias a sus magn\u00edficos ingredientes y revestimiento de <strong>pralin\u00e9<\/strong> blanco. Prueba ahora los sabores m\u00e1s emblem\u00e1ticos de la casa en esta colecci\u00f3n tan especial.<\/p>\n","protected":false},"excerpt":{"rendered":"<p>Descubre la nueva colecci\u00f3n de <strong>Catanias\u00ae Cudi\u00e9<\/strong>. Elaborada con las mejores <strong>almendras mediterr\u00e1neas<\/strong>, caramelizadas y cubiertas de un delicioso <strong>pralin\u00e9 blanco y cacao en polvo selecto<\/strong>. Imprescindible en la reposter\u00eda catalana. Formato grande (500 gr). Sin gluten.<\/p>\n","protected":false},"featured_media":30492,"template":"","meta":[],"product_cat":[264,12,33],"product_tag":[],"yoast_head":"<!-- This site is optimized with the Yoast SEO plugin v22.6 - https:\/\/yoast.com\/wordpress\/plugins\/seo\/ -->\n<title>Nueva Collection | Catanias\u00ae Cudi\u00e9 Tienda Online<\/title>\n<meta name=\"description\" content=\"Te presentamos la nueva Catanias\u00ae Collection, imprescindible en la reposter\u00eda catalana elaborada con almendras mediterr\u00e1neas, pralin\u00e9 y cacao en polvo.\" \/>\n<meta name=\"robots\" content=\"index, follow, max-snippet:-1, max-image-preview:large, max-video-preview:-1\" \/>\n<link rel=\"canonical\" href=\"https:\/\/www.cudieshop.com\/es\/producto\/nueva-collection-500g-76u-aprox\/\" \/>\n<meta property=\"og:locale\" content=\"es_ES\" \/>\n<meta property=\"og:type\" content=\"article\" \/>\n<meta property=\"og:title\" content=\"Nueva Collection | Catanias\u00ae Cudi\u00e9 Tienda Online\" \/>\n<meta property=\"og:description\" content=\"Te presentamos la nueva Catanias\u00ae Collection, imprescindible en la reposter\u00eda catalana elaborada con almendras mediterr\u00e1neas, pralin\u00e9 y cacao en polvo.\" \/>\n<meta property=\"og:url\" content=\"https:\/\/www.cudieshop.com\/es\/producto\/nueva-collection-500g-76u-aprox\/\" \/>\n<meta property=\"og:site_name\" content=\"Cudieshop\" \/>\n<meta property=\"article:modified_time\" content=\"2024-05-09T13:51:59+00:00\" \/>\n<meta property=\"og:image\" content=\"https:\/\/www.cudieshop.com\/wp-content\/uploads\/2023\/07\/Disen\u0303o-sin-ti\u0301tulo-30.png\" \/>\n\t<meta property=\"og:image:width\" content=\"1600\" \/>\n\t<meta property=\"og:image:height\" content=\"1600\" \/>\n\t<meta property=\"og:image:type\" content=\"image\/png\" \/>\n<meta name=\"twitter:card\" content=\"summary_large_image\" \/>\n<meta name=\"twitter:label1\" content=\"Tiempo de lectura\" \/>\n\t<meta name=\"twitter:data1\" content=\"1 minuto\" \/>\n<script type=\"application\/ld+json\" class=\"yoast-schema-graph\">{\"@context\":\"https:\/\/schema.org\",\"@graph\":[{\"@type\":\"WebPage\",\"@id\":\"https:\/\/www.cudieshop.com\/es\/producto\/nueva-collection-500g-76u-aprox\/\",\"url\":\"https:\/\/www.cudieshop.com\/es\/producto\/nueva-collection-500g-76u-aprox\/\",\"name\":\"Nueva Collection | Catanias\u00ae Cudi\u00e9 Tienda Online\",\"isPartOf\":{\"@id\":\"https:\/\/www.cudieshop.com\/#website\"},\"primaryImageOfPage\":{\"@id\":\"https:\/\/www.cudieshop.com\/es\/producto\/nueva-collection-500g-76u-aprox\/#primaryimage\"},\"image\":{\"@id\":\"https:\/\/www.cudieshop.com\/es\/producto\/nueva-collection-500g-76u-aprox\/#primaryimage\"},\"thumbnailUrl\":\"https:\/\/www.cudieshop.com\/wp-content\/uploads\/2023\/07\/Disen\u0303o-sin-ti\u0301tulo-30.png\",\"datePublished\":\"2023-07-20T14:37:29+00:00\",\"dateModified\":\"2024-05-09T13:51:59+00:00\",\"description\":\"Te presentamos la nueva Catanias\u00ae Collection, imprescindible en la reposter\u00eda catalana elaborada con almendras mediterr\u00e1neas, pralin\u00e9 y cacao en polvo.\",\"breadcrumb\":{\"@id\":\"https:\/\/www.cudieshop.com\/es\/producto\/nueva-collection-500g-76u-aprox\/#breadcrumb\"},\"inLanguage\":\"es\",\"potentialAction\":[{\"@type\":\"ReadAction\",\"target\":[\"https:\/\/www.cudieshop.com\/es\/producto\/nueva-collection-500g-76u-aprox\/\"]}]},{\"@type\":\"ImageObject\",\"inLanguage\":\"es\",\"@id\":\"https:\/\/www.cudieshop.com\/es\/producto\/nueva-collection-500g-76u-aprox\/#primaryimage\",\"url\":\"https:\/\/www.cudieshop.com\/wp-content\/uploads\/2023\/07\/Disen\u0303o-sin-ti\u0301tulo-30.png\",\"contentUrl\":\"https:\/\/www.cudieshop.com\/wp-content\/uploads\/2023\/07\/Disen\u0303o-sin-ti\u0301tulo-30.png\",\"width\":1600,\"height\":1600},{\"@type\":\"BreadcrumbList\",\"@id\":\"https:\/\/www.cudieshop.com\/es\/producto\/nueva-collection-500g-76u-aprox\/#breadcrumb\",\"itemListElement\":[{\"@type\":\"ListItem\",\"position\":1,\"name\":\"Inici\",\"item\":\"https:\/\/www.cudieshop.com\/es\/\"},{\"@type\":\"ListItem\",\"position\":2,\"name\":\"Productos\",\"item\":\"https:\/\/www.cudieshop.com\/es\/shop\/\"},{\"@type\":\"ListItem\",\"position\":3,\"name\":\"Nueva Collection 500g &#8211; 76u aprox\"}]},{\"@type\":\"WebSite\",\"@id\":\"https:\/\/www.cudieshop.com\/#website\",\"url\":\"https:\/\/www.cudieshop.com\/\",\"name\":\"Cudieshop\",\"description\":\"Bombons Cudi\u00e9\",\"potentialAction\":[{\"@type\":\"SearchAction\",\"target\":{\"@type\":\"EntryPoint\",\"urlTemplate\":\"https:\/\/www.cudieshop.com\/?s={search_term_string}\"},\"query-input\":\"required name=search_term_string\"}],\"inLanguage\":\"es\"}]}<\/script>\n<!-- \/ Yoast SEO plugin. -->","yoast_head_json":{"title":"Nueva Collection | Catanias\u00ae Cudi\u00e9 Tienda Online","description":"Te presentamos la nueva Catanias\u00ae Collection, imprescindible en la reposter\u00eda catalana elaborada con almendras mediterr\u00e1neas, pralin\u00e9 y cacao en polvo.","robots":{"index":"index","follow":"follow","max-snippet":"max-snippet:-1","max-image-preview":"max-image-preview:large","max-video-preview":"max-video-preview:-1"},"canonical":"https:\/\/www.cudieshop.com\/es\/producto\/nueva-collection-500g-76u-aprox\/","og_locale":"es_ES","og_type":"article","og_title":"Nueva Collection | Catanias\u00ae Cudi\u00e9 Tienda Online","og_description":"Te presentamos la nueva Catanias\u00ae Collection, imprescindible en la reposter\u00eda catalana elaborada con almendras mediterr\u00e1neas, pralin\u00e9 y cacao en polvo.","og_url":"https:\/\/www.cudieshop.com\/es\/producto\/nueva-collection-500g-76u-aprox\/","og_site_name":"Cudieshop","article_modified_time":"2024-05-09T13:51:59+00:00","og_image":[{"width":1600,"height":1600,"url":"https:\/\/www.cudieshop.com\/wp-content\/uploads\/2023\/07\/Disen\u0303o-sin-ti\u0301tulo-30.png","type":"image\/png"}],"twitter_card":"summary_large_image","twitter_misc":{"Tiempo de lectura":"1 minuto"},"schema":{"@context":"https:\/\/schema.org","@graph":[{"@type":"WebPage","@id":"https:\/\/www.cudieshop.com\/es\/producto\/nueva-collection-500g-76u-aprox\/","url":"https:\/\/www.cudieshop.com\/es\/producto\/nueva-collection-500g-76u-aprox\/","name":"Nueva Collection | Catanias\u00ae Cudi\u00e9 Tienda Online","isPartOf":{"@id":"https:\/\/www.cudieshop.com\/#website"},"primaryImageOfPage":{"@id":"https:\/\/www.cudieshop.com\/es\/producto\/nueva-collection-500g-76u-aprox\/#primaryimage"},"image":{"@id":"https:\/\/www.cudieshop.com\/es\/producto\/nueva-collection-500g-76u-aprox\/#primaryimage"},"thumbnailUrl":"https:\/\/www.cudieshop.com\/wp-content\/uploads\/2023\/07\/Disen\u0303o-sin-ti\u0301tulo-30.png","datePublished":"2023-07-20T14:37:29+00:00","dateModified":"2024-05-09T13:51:59+00:00","description":"Te presentamos la nueva Catanias\u00ae Collection, imprescindible en la reposter\u00eda catalana elaborada con almendras mediterr\u00e1neas, pralin\u00e9 y cacao en polvo.","breadcrumb":{"@id":"https:\/\/www.cudieshop.com\/es\/producto\/nueva-collection-500g-76u-aprox\/#breadcrumb"},"inLanguage":"es","potentialAction":[{"@type":"ReadAction","target":["https:\/\/www.cudieshop.com\/es\/producto\/nueva-collection-500g-76u-aprox\/"]}]},{"@type":"ImageObject","inLanguage":"es","@id":"https:\/\/www.cudieshop.com\/es\/producto\/nueva-collection-500g-76u-aprox\/#primaryimage","url":"https:\/\/www.cudieshop.com\/wp-content\/uploads\/2023\/07\/Disen\u0303o-sin-ti\u0301tulo-30.png","contentUrl":"https:\/\/www.cudieshop.com\/wp-content\/uploads\/2023\/07\/Disen\u0303o-sin-ti\u0301tulo-30.png","width":1600,"height":1600},{"@type":"BreadcrumbList","@id":"https:\/\/www.cudieshop.com\/es\/producto\/nueva-collection-500g-76u-aprox\/#breadcrumb","itemListElement":[{"@type":"ListItem","position":1,"name":"Inici","item":"https:\/\/www.cudieshop.com\/es\/"},{"@type":"ListItem","position":2,"name":"Productos","item":"https:\/\/www.cudieshop.com\/es\/shop\/"},{"@type":"ListItem","position":3,"name":"Nueva Collection 500g &#8211; 76u aprox"}]},{"@type":"WebSite","@id":"https:\/\/www.cudieshop.com\/#website","url":"https:\/\/www.cudieshop.com\/","name":"Cudieshop","description":"Bombons Cudi\u00e9","potentialAction":[{"@type":"SearchAction","target":{"@type":"EntryPoint","urlTemplate":"https:\/\/www.cudieshop.com\/?s={search_term_string}"},"query-input":"required name=search_term_string"}],"inLanguage":"es"}]}},"_links":{"self":[{"href":"https:\/\/www.cudieshop.com\/es\/wp-json\/wp\/v2\/product\/30478"}],"collection":[{"href":"https:\/\/www.cudieshop.com\/es\/wp-json\/wp\/v2\/product"}],"about":[{"href":"https:\/\/www.cudieshop.com\/es\/wp-json\/wp\/v2\/types\/product"}],"wp:featuredmedia":[{"embeddable":true,"href":"https:\/\/www.cudieshop.com\/es\/wp-json\/wp\/v2\/media\/30492"}],"wp:attachment":[{"href":"https:\/\/www.cudieshop.com\/es\/wp-json\/wp\/v2\/media?parent=30478"}],"wp:term":[{"taxonomy":"product_cat","embeddable":true,"href":"https:\/\/www.cudieshop.com\/es\/wp-json\/wp\/v2\/product_cat?post=30478"},{"taxonomy":"product_tag","embeddable":true,"href":"https:\/\/www.cudieshop.com\/es\/wp-json\/wp\/v2\/product_tag?post=30478"}],"curies":[{"name":"wp","href":"https:\/\/api.w.org\/{rel}","templated":true}]}}