{"id":30466,"date":"2023-07-20T15:52:21","date_gmt":"2023-07-20T13:52:22","guid":{"rendered":"https:\/\/www.cudieshop.com\/?post_type=product&#038;p=30466"},"modified":"2024-05-09T15:59:28","modified_gmt":"2024-05-09T13:59:28","slug":"catanies-duet-original-y-dark-chocolate","status":"publish","type":"product","link":"https:\/\/www.cudieshop.com\/es\/producto\/catanies-duet-original-y-dark-chocolate\/","title":{"rendered":"Catanias\u00ae Duet &#8211; Original y Dark Chocolate 250g &#8211; 38u aprox."},"content":{"rendered":"<p>La combinaci\u00f3n ideal para los amantes del cacao m\u00e1s puro. Disfruta del d\u00fao m\u00e1s chocolatero de <strong>Catanias\u00ae Cudi\u00e9<\/strong>.<\/p>\n","protected":false},"excerpt":{"rendered":"<p>Descubre la nueva <strong>colecci\u00f3n DUET de Catanias\u00ae Cudi\u00e9<\/strong>. Una intensa combinaci\u00f3n de chocolate; las <strong>Catanias\u00ae Dark Chocolate y las Catanias\u00ae Original<\/strong>. Sin gluten.<\/p>\n","protected":false},"featured_media":30504,"template":"","meta":[],"product_cat":[264,12,33],"product_tag":[],"yoast_head":"<!-- This site is optimized with the Yoast SEO plugin v22.6 - https:\/\/yoast.com\/wordpress\/plugins\/seo\/ -->\n<title>Catanias\u00ae Duet - Original y Dark Chocolate 250g - 38u aprox. - Cudieshop<\/title>\n<meta name=\"description\" content=\"La combinaci\u00f3n ideal para los amantes del cacao m\u00e1s puro. Disfruta del d\u00fao m\u00e1s chocolatero de Cudi\u00e9 con las Catanias\u00ae Duet Original y Dark Chocolate.\" \/>\n<meta name=\"robots\" content=\"index, follow, max-snippet:-1, max-image-preview:large, max-video-preview:-1\" \/>\n<link rel=\"canonical\" href=\"https:\/\/www.cudieshop.com\/es\/producto\/catanies-duet-original-y-dark-chocolate\/\" \/>\n<meta property=\"og:locale\" content=\"es_ES\" \/>\n<meta property=\"og:type\" content=\"article\" \/>\n<meta property=\"og:title\" content=\"Catanias\u00ae Duet - Original y Dark Chocolate 250g - 38u aprox. - Cudieshop\" \/>\n<meta property=\"og:description\" content=\"La combinaci\u00f3n ideal para los amantes del cacao m\u00e1s puro. Disfruta del d\u00fao m\u00e1s chocolatero de Cudi\u00e9 con las Catanias\u00ae Duet Original y Dark Chocolate.\" \/>\n<meta property=\"og:url\" content=\"https:\/\/www.cudieshop.com\/es\/producto\/catanies-duet-original-y-dark-chocolate\/\" \/>\n<meta property=\"og:site_name\" content=\"Cudieshop\" \/>\n<meta property=\"article:modified_time\" content=\"2024-05-09T13:59:28+00:00\" \/>\n<meta property=\"og:image\" content=\"https:\/\/www.cudieshop.com\/wp-content\/uploads\/2023\/07\/Disen\u0303o-sin-ti\u0301tulo-34.png\" \/>\n\t<meta property=\"og:image:width\" content=\"1600\" \/>\n\t<meta property=\"og:image:height\" content=\"1600\" \/>\n\t<meta property=\"og:image:type\" content=\"image\/png\" \/>\n<meta name=\"twitter:card\" content=\"summary_large_image\" \/>\n<meta name=\"twitter:label1\" content=\"Tiempo de lectura\" \/>\n\t<meta name=\"twitter:data1\" content=\"1 minuto\" \/>\n<script type=\"application\/ld+json\" class=\"yoast-schema-graph\">{\"@context\":\"https:\/\/schema.org\",\"@graph\":[{\"@type\":\"WebPage\",\"@id\":\"https:\/\/www.cudieshop.com\/es\/producto\/catanies-duet-original-y-dark-chocolate\/\",\"url\":\"https:\/\/www.cudieshop.com\/es\/producto\/catanies-duet-original-y-dark-chocolate\/\",\"name\":\"Catanias\u00ae Duet - Original y Dark Chocolate 250g - 38u aprox. - Cudieshop\",\"isPartOf\":{\"@id\":\"https:\/\/www.cudieshop.com\/#website\"},\"primaryImageOfPage\":{\"@id\":\"https:\/\/www.cudieshop.com\/es\/producto\/catanies-duet-original-y-dark-chocolate\/#primaryimage\"},\"image\":{\"@id\":\"https:\/\/www.cudieshop.com\/es\/producto\/catanies-duet-original-y-dark-chocolate\/#primaryimage\"},\"thumbnailUrl\":\"https:\/\/www.cudieshop.com\/wp-content\/uploads\/2023\/07\/Disen\u0303o-sin-ti\u0301tulo-34.png\",\"datePublished\":\"2023-07-20T13:52:22+00:00\",\"dateModified\":\"2024-05-09T13:59:28+00:00\",\"description\":\"La combinaci\u00f3n ideal para los amantes del cacao m\u00e1s puro. Disfruta del d\u00fao m\u00e1s chocolatero de Cudi\u00e9 con las Catanias\u00ae Duet Original y Dark Chocolate.\",\"breadcrumb\":{\"@id\":\"https:\/\/www.cudieshop.com\/es\/producto\/catanies-duet-original-y-dark-chocolate\/#breadcrumb\"},\"inLanguage\":\"es\",\"potentialAction\":[{\"@type\":\"ReadAction\",\"target\":[\"https:\/\/www.cudieshop.com\/es\/producto\/catanies-duet-original-y-dark-chocolate\/\"]}]},{\"@type\":\"ImageObject\",\"inLanguage\":\"es\",\"@id\":\"https:\/\/www.cudieshop.com\/es\/producto\/catanies-duet-original-y-dark-chocolate\/#primaryimage\",\"url\":\"https:\/\/www.cudieshop.com\/wp-content\/uploads\/2023\/07\/Disen\u0303o-sin-ti\u0301tulo-34.png\",\"contentUrl\":\"https:\/\/www.cudieshop.com\/wp-content\/uploads\/2023\/07\/Disen\u0303o-sin-ti\u0301tulo-34.png\",\"width\":1600,\"height\":1600},{\"@type\":\"BreadcrumbList\",\"@id\":\"https:\/\/www.cudieshop.com\/es\/producto\/catanies-duet-original-y-dark-chocolate\/#breadcrumb\",\"itemListElement\":[{\"@type\":\"ListItem\",\"position\":1,\"name\":\"Inici\",\"item\":\"https:\/\/www.cudieshop.com\/es\/\"},{\"@type\":\"ListItem\",\"position\":2,\"name\":\"Productos\",\"item\":\"https:\/\/www.cudieshop.com\/es\/shop\/\"},{\"@type\":\"ListItem\",\"position\":3,\"name\":\"Catanias\u00ae Duet &#8211; Original y Dark Chocolate 250g &#8211; 38u aprox.\"}]},{\"@type\":\"WebSite\",\"@id\":\"https:\/\/www.cudieshop.com\/#website\",\"url\":\"https:\/\/www.cudieshop.com\/\",\"name\":\"Cudieshop\",\"description\":\"Bombons Cudi\u00e9\",\"potentialAction\":[{\"@type\":\"SearchAction\",\"target\":{\"@type\":\"EntryPoint\",\"urlTemplate\":\"https:\/\/www.cudieshop.com\/?s={search_term_string}\"},\"query-input\":\"required name=search_term_string\"}],\"inLanguage\":\"es\"}]}<\/script>\n<!-- \/ Yoast SEO plugin. -->","yoast_head_json":{"title":"Catanias\u00ae Duet - Original y Dark Chocolate 250g - 38u aprox. - Cudieshop","description":"La combinaci\u00f3n ideal para los amantes del cacao m\u00e1s puro. Disfruta del d\u00fao m\u00e1s chocolatero de Cudi\u00e9 con las Catanias\u00ae Duet Original y Dark Chocolate.","robots":{"index":"index","follow":"follow","max-snippet":"max-snippet:-1","max-image-preview":"max-image-preview:large","max-video-preview":"max-video-preview:-1"},"canonical":"https:\/\/www.cudieshop.com\/es\/producto\/catanies-duet-original-y-dark-chocolate\/","og_locale":"es_ES","og_type":"article","og_title":"Catanias\u00ae Duet - Original y Dark Chocolate 250g - 38u aprox. - Cudieshop","og_description":"La combinaci\u00f3n ideal para los amantes del cacao m\u00e1s puro. Disfruta del d\u00fao m\u00e1s chocolatero de Cudi\u00e9 con las Catanias\u00ae Duet Original y Dark Chocolate.","og_url":"https:\/\/www.cudieshop.com\/es\/producto\/catanies-duet-original-y-dark-chocolate\/","og_site_name":"Cudieshop","article_modified_time":"2024-05-09T13:59:28+00:00","og_image":[{"width":1600,"height":1600,"url":"https:\/\/www.cudieshop.com\/wp-content\/uploads\/2023\/07\/Disen\u0303o-sin-ti\u0301tulo-34.png","type":"image\/png"}],"twitter_card":"summary_large_image","twitter_misc":{"Tiempo de lectura":"1 minuto"},"schema":{"@context":"https:\/\/schema.org","@graph":[{"@type":"WebPage","@id":"https:\/\/www.cudieshop.com\/es\/producto\/catanies-duet-original-y-dark-chocolate\/","url":"https:\/\/www.cudieshop.com\/es\/producto\/catanies-duet-original-y-dark-chocolate\/","name":"Catanias\u00ae Duet - Original y Dark Chocolate 250g - 38u aprox. - Cudieshop","isPartOf":{"@id":"https:\/\/www.cudieshop.com\/#website"},"primaryImageOfPage":{"@id":"https:\/\/www.cudieshop.com\/es\/producto\/catanies-duet-original-y-dark-chocolate\/#primaryimage"},"image":{"@id":"https:\/\/www.cudieshop.com\/es\/producto\/catanies-duet-original-y-dark-chocolate\/#primaryimage"},"thumbnailUrl":"https:\/\/www.cudieshop.com\/wp-content\/uploads\/2023\/07\/Disen\u0303o-sin-ti\u0301tulo-34.png","datePublished":"2023-07-20T13:52:22+00:00","dateModified":"2024-05-09T13:59:28+00:00","description":"La combinaci\u00f3n ideal para los amantes del cacao m\u00e1s puro. Disfruta del d\u00fao m\u00e1s chocolatero de Cudi\u00e9 con las Catanias\u00ae Duet Original y Dark Chocolate.","breadcrumb":{"@id":"https:\/\/www.cudieshop.com\/es\/producto\/catanies-duet-original-y-dark-chocolate\/#breadcrumb"},"inLanguage":"es","potentialAction":[{"@type":"ReadAction","target":["https:\/\/www.cudieshop.com\/es\/producto\/catanies-duet-original-y-dark-chocolate\/"]}]},{"@type":"ImageObject","inLanguage":"es","@id":"https:\/\/www.cudieshop.com\/es\/producto\/catanies-duet-original-y-dark-chocolate\/#primaryimage","url":"https:\/\/www.cudieshop.com\/wp-content\/uploads\/2023\/07\/Disen\u0303o-sin-ti\u0301tulo-34.png","contentUrl":"https:\/\/www.cudieshop.com\/wp-content\/uploads\/2023\/07\/Disen\u0303o-sin-ti\u0301tulo-34.png","width":1600,"height":1600},{"@type":"BreadcrumbList","@id":"https:\/\/www.cudieshop.com\/es\/producto\/catanies-duet-original-y-dark-chocolate\/#breadcrumb","itemListElement":[{"@type":"ListItem","position":1,"name":"Inici","item":"https:\/\/www.cudieshop.com\/es\/"},{"@type":"ListItem","position":2,"name":"Productos","item":"https:\/\/www.cudieshop.com\/es\/shop\/"},{"@type":"ListItem","position":3,"name":"Catanias\u00ae Duet &#8211; Original y Dark Chocolate 250g &#8211; 38u aprox."}]},{"@type":"WebSite","@id":"https:\/\/www.cudieshop.com\/#website","url":"https:\/\/www.cudieshop.com\/","name":"Cudieshop","description":"Bombons Cudi\u00e9","potentialAction":[{"@type":"SearchAction","target":{"@type":"EntryPoint","urlTemplate":"https:\/\/www.cudieshop.com\/?s={search_term_string}"},"query-input":"required name=search_term_string"}],"inLanguage":"es"}]}},"_links":{"self":[{"href":"https:\/\/www.cudieshop.com\/es\/wp-json\/wp\/v2\/product\/30466"}],"collection":[{"href":"https:\/\/www.cudieshop.com\/es\/wp-json\/wp\/v2\/product"}],"about":[{"href":"https:\/\/www.cudieshop.com\/es\/wp-json\/wp\/v2\/types\/product"}],"wp:featuredmedia":[{"embeddable":true,"href":"https:\/\/www.cudieshop.com\/es\/wp-json\/wp\/v2\/media\/30504"}],"wp:attachment":[{"href":"https:\/\/www.cudieshop.com\/es\/wp-json\/wp\/v2\/media?parent=30466"}],"wp:term":[{"taxonomy":"product_cat","embeddable":true,"href":"https:\/\/www.cudieshop.com\/es\/wp-json\/wp\/v2\/product_cat?post=30466"},{"taxonomy":"product_tag","embeddable":true,"href":"https:\/\/www.cudieshop.com\/es\/wp-json\/wp\/v2\/product_tag?post=30466"}],"curies":[{"name":"wp","href":"https:\/\/api.w.org\/{rel}","templated":true}]}}