{"id":28270,"date":"2025-10-11T10:21:07","date_gmt":"2022-10-11T08:21:08","guid":{"rendered":"https:\/\/www.cudieshop.com\/?post_type=product&#038;p=28270"},"modified":"2025-11-24T10:12:59","modified_gmt":"2025-11-24T09:12:59","slug":"lote-coleccion-privada-2025","status":"publish","type":"product","link":"https:\/\/www.cudieshop.com\/es\/producto\/lote-coleccion-privada-2025\/","title":{"rendered":"Lote Colecci\u00f3n Privada 2025"},"content":{"rendered":"<p>Una selecci\u00f3n exclusiva para los amantes del buen gusto. Catanias\u00ae en formato Collection y un cava Gran Reserva de Juv\u00e9 &amp; Camps que eleva la experiencia a un nivel superior.<\/p>\n<p>Este lote contiene:<\/p>\n<ul>\n<li>Catanias\u00ae Collection 500g<\/li>\n<li>Turr\u00f3n Catanias\u00ae Original 200g<\/li>\n<li>Catanias\u00ae Original 35g<\/li>\n<li>Cava Gran Reserva Brut Nature de Juv\u00e9 &amp; Camps Reserva Familia 75cl<\/li>\n<\/ul>\n","protected":false},"excerpt":{"rendered":"<p>Este lote contiene:<\/p>\n<ul>\n<li>Catanias\u00ae Collection 500g<\/li>\n<li>Turr\u00f3n Catanias\u00ae Original 200g<\/li>\n<li>Catanias\u00ae Original 35g<\/li>\n<li>Cava Gran Reserva Brut Nature de Juv\u00e9 &amp; Camps Reserva Familia 75cl<\/li>\n<\/ul>\n","protected":false},"featured_media":32533,"template":"","meta":[],"product_cat":[264,291,313,33],"product_tag":[],"yoast_head":"<!-- This site is optimized with the Yoast SEO plugin v22.6 - https:\/\/yoast.com\/wordpress\/plugins\/seo\/ -->\n<title>Lote Colecci\u00f3n Privada 2025 - Cudieshop<\/title>\n<meta name=\"description\" content=\"Vive la Navidad m\u00e1s lujosa con el Pack Regalo Cudi\u00e9 &amp; Cava Gran Reserva de la Familia Juv\u00e9 &amp; Camps. Experimenta unas fiestas de primera categor\u00eda con Cudi\u00e9.\" \/>\n<meta name=\"robots\" content=\"index, follow, max-snippet:-1, max-image-preview:large, max-video-preview:-1\" \/>\n<link rel=\"canonical\" href=\"https:\/\/www.cudieshop.com\/es\/producto\/lote-coleccion-privada-2025\/\" \/>\n<meta property=\"og:locale\" content=\"es_ES\" \/>\n<meta property=\"og:type\" content=\"article\" \/>\n<meta property=\"og:title\" content=\"Lote Colecci\u00f3n Privada 2025 - Cudieshop\" \/>\n<meta property=\"og:description\" content=\"Vive la Navidad m\u00e1s lujosa con el Pack Regalo Cudi\u00e9 &amp; Cava Gran Reserva de la Familia Juv\u00e9 &amp; Camps. Experimenta unas fiestas de primera categor\u00eda con Cudi\u00e9.\" \/>\n<meta property=\"og:url\" content=\"https:\/\/www.cudieshop.com\/es\/producto\/lote-coleccion-privada-2025\/\" \/>\n<meta property=\"og:site_name\" content=\"Cudieshop\" \/>\n<meta property=\"article:modified_time\" content=\"2025-11-24T09:12:59+00:00\" \/>\n<meta property=\"og:image\" content=\"https:\/\/www.cudieshop.com\/wp-content\/uploads\/2022\/10\/cudie_lot_2024_05_mid_res.jpg\" \/>\n\t<meta property=\"og:image:width\" content=\"8192\" \/>\n\t<meta property=\"og:image:height\" content=\"5464\" \/>\n\t<meta property=\"og:image:type\" content=\"image\/jpeg\" \/>\n<meta name=\"twitter:card\" content=\"summary_large_image\" \/>\n<meta name=\"twitter:label1\" content=\"Tiempo de lectura\" \/>\n\t<meta name=\"twitter:data1\" content=\"1 minuto\" \/>\n<script type=\"application\/ld+json\" class=\"yoast-schema-graph\">{\"@context\":\"https:\/\/schema.org\",\"@graph\":[{\"@type\":\"WebPage\",\"@id\":\"https:\/\/www.cudieshop.com\/es\/producto\/lote-coleccion-privada-2025\/\",\"url\":\"https:\/\/www.cudieshop.com\/es\/producto\/lote-coleccion-privada-2025\/\",\"name\":\"Lote Colecci\u00f3n Privada 2025 - Cudieshop\",\"isPartOf\":{\"@id\":\"https:\/\/www.cudieshop.com\/#website\"},\"primaryImageOfPage\":{\"@id\":\"https:\/\/www.cudieshop.com\/es\/producto\/lote-coleccion-privada-2025\/#primaryimage\"},\"image\":{\"@id\":\"https:\/\/www.cudieshop.com\/es\/producto\/lote-coleccion-privada-2025\/#primaryimage\"},\"thumbnailUrl\":\"https:\/\/www.cudieshop.com\/wp-content\/uploads\/2022\/10\/cudie_lot_2024_05_mid_res.jpg\",\"datePublished\":\"2022-10-11T08:21:08+00:00\",\"dateModified\":\"2025-11-24T09:12:59+00:00\",\"description\":\"Vive la Navidad m\u00e1s lujosa con el Pack Regalo Cudi\u00e9 & Cava Gran Reserva de la Familia Juv\u00e9 & Camps. Experimenta unas fiestas de primera categor\u00eda con Cudi\u00e9.\",\"breadcrumb\":{\"@id\":\"https:\/\/www.cudieshop.com\/es\/producto\/lote-coleccion-privada-2025\/#breadcrumb\"},\"inLanguage\":\"es\",\"potentialAction\":[{\"@type\":\"ReadAction\",\"target\":[\"https:\/\/www.cudieshop.com\/es\/producto\/lote-coleccion-privada-2025\/\"]}]},{\"@type\":\"ImageObject\",\"inLanguage\":\"es\",\"@id\":\"https:\/\/www.cudieshop.com\/es\/producto\/lote-coleccion-privada-2025\/#primaryimage\",\"url\":\"https:\/\/www.cudieshop.com\/wp-content\/uploads\/2022\/10\/cudie_lot_2024_05_mid_res.jpg\",\"contentUrl\":\"https:\/\/www.cudieshop.com\/wp-content\/uploads\/2022\/10\/cudie_lot_2024_05_mid_res.jpg\",\"width\":8192,\"height\":5464},{\"@type\":\"BreadcrumbList\",\"@id\":\"https:\/\/www.cudieshop.com\/es\/producto\/lote-coleccion-privada-2025\/#breadcrumb\",\"itemListElement\":[{\"@type\":\"ListItem\",\"position\":1,\"name\":\"Inici\",\"item\":\"https:\/\/www.cudieshop.com\/es\/\"},{\"@type\":\"ListItem\",\"position\":2,\"name\":\"Productos\",\"item\":\"https:\/\/www.cudieshop.com\/es\/shop\/\"},{\"@type\":\"ListItem\",\"position\":3,\"name\":\"Lote Colecci\u00f3n Privada 2025\"}]},{\"@type\":\"WebSite\",\"@id\":\"https:\/\/www.cudieshop.com\/#website\",\"url\":\"https:\/\/www.cudieshop.com\/\",\"name\":\"Cudieshop\",\"description\":\"Bombons Cudi\u00e9\",\"potentialAction\":[{\"@type\":\"SearchAction\",\"target\":{\"@type\":\"EntryPoint\",\"urlTemplate\":\"https:\/\/www.cudieshop.com\/?s={search_term_string}\"},\"query-input\":\"required name=search_term_string\"}],\"inLanguage\":\"es\"}]}<\/script>\n<!-- \/ Yoast SEO plugin. -->","yoast_head_json":{"title":"Lote Colecci\u00f3n Privada 2025 - Cudieshop","description":"Vive la Navidad m\u00e1s lujosa con el Pack Regalo Cudi\u00e9 & Cava Gran Reserva de la Familia Juv\u00e9 & Camps. Experimenta unas fiestas de primera categor\u00eda con Cudi\u00e9.","robots":{"index":"index","follow":"follow","max-snippet":"max-snippet:-1","max-image-preview":"max-image-preview:large","max-video-preview":"max-video-preview:-1"},"canonical":"https:\/\/www.cudieshop.com\/es\/producto\/lote-coleccion-privada-2025\/","og_locale":"es_ES","og_type":"article","og_title":"Lote Colecci\u00f3n Privada 2025 - Cudieshop","og_description":"Vive la Navidad m\u00e1s lujosa con el Pack Regalo Cudi\u00e9 & Cava Gran Reserva de la Familia Juv\u00e9 & Camps. Experimenta unas fiestas de primera categor\u00eda con Cudi\u00e9.","og_url":"https:\/\/www.cudieshop.com\/es\/producto\/lote-coleccion-privada-2025\/","og_site_name":"Cudieshop","article_modified_time":"2025-11-24T09:12:59+00:00","og_image":[{"width":8192,"height":5464,"url":"https:\/\/www.cudieshop.com\/wp-content\/uploads\/2022\/10\/cudie_lot_2024_05_mid_res.jpg","type":"image\/jpeg"}],"twitter_card":"summary_large_image","twitter_misc":{"Tiempo de lectura":"1 minuto"},"schema":{"@context":"https:\/\/schema.org","@graph":[{"@type":"WebPage","@id":"https:\/\/www.cudieshop.com\/es\/producto\/lote-coleccion-privada-2025\/","url":"https:\/\/www.cudieshop.com\/es\/producto\/lote-coleccion-privada-2025\/","name":"Lote Colecci\u00f3n Privada 2025 - Cudieshop","isPartOf":{"@id":"https:\/\/www.cudieshop.com\/#website"},"primaryImageOfPage":{"@id":"https:\/\/www.cudieshop.com\/es\/producto\/lote-coleccion-privada-2025\/#primaryimage"},"image":{"@id":"https:\/\/www.cudieshop.com\/es\/producto\/lote-coleccion-privada-2025\/#primaryimage"},"thumbnailUrl":"https:\/\/www.cudieshop.com\/wp-content\/uploads\/2022\/10\/cudie_lot_2024_05_mid_res.jpg","datePublished":"2022-10-11T08:21:08+00:00","dateModified":"2025-11-24T09:12:59+00:00","description":"Vive la Navidad m\u00e1s lujosa con el Pack Regalo Cudi\u00e9 & Cava Gran Reserva de la Familia Juv\u00e9 & Camps. Experimenta unas fiestas de primera categor\u00eda con Cudi\u00e9.","breadcrumb":{"@id":"https:\/\/www.cudieshop.com\/es\/producto\/lote-coleccion-privada-2025\/#breadcrumb"},"inLanguage":"es","potentialAction":[{"@type":"ReadAction","target":["https:\/\/www.cudieshop.com\/es\/producto\/lote-coleccion-privada-2025\/"]}]},{"@type":"ImageObject","inLanguage":"es","@id":"https:\/\/www.cudieshop.com\/es\/producto\/lote-coleccion-privada-2025\/#primaryimage","url":"https:\/\/www.cudieshop.com\/wp-content\/uploads\/2022\/10\/cudie_lot_2024_05_mid_res.jpg","contentUrl":"https:\/\/www.cudieshop.com\/wp-content\/uploads\/2022\/10\/cudie_lot_2024_05_mid_res.jpg","width":8192,"height":5464},{"@type":"BreadcrumbList","@id":"https:\/\/www.cudieshop.com\/es\/producto\/lote-coleccion-privada-2025\/#breadcrumb","itemListElement":[{"@type":"ListItem","position":1,"name":"Inici","item":"https:\/\/www.cudieshop.com\/es\/"},{"@type":"ListItem","position":2,"name":"Productos","item":"https:\/\/www.cudieshop.com\/es\/shop\/"},{"@type":"ListItem","position":3,"name":"Lote Colecci\u00f3n Privada 2025"}]},{"@type":"WebSite","@id":"https:\/\/www.cudieshop.com\/#website","url":"https:\/\/www.cudieshop.com\/","name":"Cudieshop","description":"Bombons Cudi\u00e9","potentialAction":[{"@type":"SearchAction","target":{"@type":"EntryPoint","urlTemplate":"https:\/\/www.cudieshop.com\/?s={search_term_string}"},"query-input":"required name=search_term_string"}],"inLanguage":"es"}]}},"_links":{"self":[{"href":"https:\/\/www.cudieshop.com\/es\/wp-json\/wp\/v2\/product\/28270"}],"collection":[{"href":"https:\/\/www.cudieshop.com\/es\/wp-json\/wp\/v2\/product"}],"about":[{"href":"https:\/\/www.cudieshop.com\/es\/wp-json\/wp\/v2\/types\/product"}],"wp:featuredmedia":[{"embeddable":true,"href":"https:\/\/www.cudieshop.com\/es\/wp-json\/wp\/v2\/media\/32533"}],"wp:attachment":[{"href":"https:\/\/www.cudieshop.com\/es\/wp-json\/wp\/v2\/media?parent=28270"}],"wp:term":[{"taxonomy":"product_cat","embeddable":true,"href":"https:\/\/www.cudieshop.com\/es\/wp-json\/wp\/v2\/product_cat?post=28270"},{"taxonomy":"product_tag","embeddable":true,"href":"https:\/\/www.cudieshop.com\/es\/wp-json\/wp\/v2\/product_tag?post=28270"}],"curies":[{"name":"wp","href":"https:\/\/api.w.org\/{rel}","templated":true}]}}