{"id":25863,"date":"2025-10-08T12:53:15","date_gmt":"2021-11-08T11:58:06","guid":{"rendered":"https:\/\/www.cudieshop.com\/?post_type=product&#038;p=25863"},"modified":"2025-11-24T10:13:02","modified_gmt":"2025-11-24T09:13:02","slug":"lote-raices-del-penedes-2025","status":"publish","type":"product","link":"https:\/\/www.cudieshop.com\/es\/producto\/lote-raices-del-penedes-2025\/","title":{"rendered":"Lote Ra\u00edces del Pened\u00e8s 2025"},"content":{"rendered":"<p>Inspirado en la tierra y las tradiciones del Pened\u00e8s, este lote ofrece una exquisita combinaci\u00f3n de Catanias\u00ae y espumoso Natural de Albet i Noya. Ideal para regalar con orgullo local.<\/p>\n<p>El lote contiene:<\/p>\n<ul>\n<li>Turr\u00f3n Catanias\u00ae Original 200g<\/li>\n<li>Catanias\u00ae 250g<\/li>\n<li>Catanias\u00ae Dark 35g<\/li>\n<li>Espumoso Reserva Brut Natural de Albet y Noya Efecte Ancestral 75cl<\/li>\n<\/ul>\n","protected":false},"excerpt":{"rendered":"<p>El lote contiene:<\/p>\n<ul>\n<li>Turr\u00f3n Catanias\u00ae Original 200g<\/li>\n<li>Catanias\u00ae 250g<\/li>\n<li>Catanias\u00ae Dark 35g<\/li>\n<li>Espumoso Reserva Brut Natural de Albet y Noya Efecte Ancestral 75cl<\/li>\n<\/ul>\n","protected":false},"featured_media":34089,"template":"","meta":[],"product_cat":[264,291,313,33],"product_tag":[],"yoast_head":"<!-- This site is optimized with the Yoast SEO plugin v22.6 - https:\/\/yoast.com\/wordpress\/plugins\/seo\/ -->\n<title>Lote Ra\u00edces del Pened\u00e8s 2025 - Cudieshop<\/title>\n<meta name=\"description\" content=\"Vive una experiencia Gourmet con el Lote Ra\u00edces del Pened\u00e8s 2025. Descubre el placer de regalar momentos extraordinarios con ese surtido exclusivo.\" \/>\n<meta name=\"robots\" content=\"index, follow, max-snippet:-1, max-image-preview:large, max-video-preview:-1\" \/>\n<link rel=\"canonical\" href=\"https:\/\/www.cudieshop.com\/es\/producto\/lote-raices-del-penedes-2025\/\" \/>\n<meta property=\"og:locale\" content=\"es_ES\" \/>\n<meta property=\"og:type\" content=\"article\" \/>\n<meta property=\"og:title\" content=\"Lote Ra\u00edces del Pened\u00e8s 2025 - Cudieshop\" \/>\n<meta property=\"og:description\" content=\"Vive una experiencia Gourmet con el Lote Ra\u00edces del Pened\u00e8s 2025. Descubre el placer de regalar momentos extraordinarios con ese surtido exclusivo.\" \/>\n<meta property=\"og:url\" content=\"https:\/\/www.cudieshop.com\/es\/producto\/lote-raices-del-penedes-2025\/\" \/>\n<meta property=\"og:site_name\" content=\"Cudieshop\" \/>\n<meta property=\"article:modified_time\" content=\"2025-11-24T09:13:02+00:00\" \/>\n<meta property=\"og:image\" content=\"https:\/\/www.cudieshop.com\/wp-content\/uploads\/2021\/11\/Lot-Arrels-del-Penedes-1-scaled.jpg\" \/>\n\t<meta property=\"og:image:width\" content=\"2560\" \/>\n\t<meta property=\"og:image:height\" content=\"1707\" \/>\n\t<meta property=\"og:image:type\" content=\"image\/jpeg\" \/>\n<meta name=\"twitter:card\" content=\"summary_large_image\" \/>\n<meta name=\"twitter:label1\" content=\"Tiempo de lectura\" \/>\n\t<meta name=\"twitter:data1\" content=\"1 minuto\" \/>\n<script type=\"application\/ld+json\" class=\"yoast-schema-graph\">{\"@context\":\"https:\/\/schema.org\",\"@graph\":[{\"@type\":\"WebPage\",\"@id\":\"https:\/\/www.cudieshop.com\/es\/producto\/lote-raices-del-penedes-2025\/\",\"url\":\"https:\/\/www.cudieshop.com\/es\/producto\/lote-raices-del-penedes-2025\/\",\"name\":\"Lote Ra\u00edces del Pened\u00e8s 2025 - Cudieshop\",\"isPartOf\":{\"@id\":\"https:\/\/www.cudieshop.com\/#website\"},\"primaryImageOfPage\":{\"@id\":\"https:\/\/www.cudieshop.com\/es\/producto\/lote-raices-del-penedes-2025\/#primaryimage\"},\"image\":{\"@id\":\"https:\/\/www.cudieshop.com\/es\/producto\/lote-raices-del-penedes-2025\/#primaryimage\"},\"thumbnailUrl\":\"https:\/\/www.cudieshop.com\/wp-content\/uploads\/2021\/11\/Lot-Arrels-del-Penedes-1-scaled.jpg\",\"datePublished\":\"2021-11-08T11:58:06+00:00\",\"dateModified\":\"2025-11-24T09:13:02+00:00\",\"description\":\"Vive una experiencia Gourmet con el Lote Ra\u00edces del Pened\u00e8s 2025. Descubre el placer de regalar momentos extraordinarios con ese surtido exclusivo.\",\"breadcrumb\":{\"@id\":\"https:\/\/www.cudieshop.com\/es\/producto\/lote-raices-del-penedes-2025\/#breadcrumb\"},\"inLanguage\":\"es\",\"potentialAction\":[{\"@type\":\"ReadAction\",\"target\":[\"https:\/\/www.cudieshop.com\/es\/producto\/lote-raices-del-penedes-2025\/\"]}]},{\"@type\":\"ImageObject\",\"inLanguage\":\"es\",\"@id\":\"https:\/\/www.cudieshop.com\/es\/producto\/lote-raices-del-penedes-2025\/#primaryimage\",\"url\":\"https:\/\/www.cudieshop.com\/wp-content\/uploads\/2021\/11\/Lot-Arrels-del-Penedes-1-scaled.jpg\",\"contentUrl\":\"https:\/\/www.cudieshop.com\/wp-content\/uploads\/2021\/11\/Lot-Arrels-del-Penedes-1-scaled.jpg\",\"width\":2560,\"height\":1707},{\"@type\":\"BreadcrumbList\",\"@id\":\"https:\/\/www.cudieshop.com\/es\/producto\/lote-raices-del-penedes-2025\/#breadcrumb\",\"itemListElement\":[{\"@type\":\"ListItem\",\"position\":1,\"name\":\"Inici\",\"item\":\"https:\/\/www.cudieshop.com\/es\/\"},{\"@type\":\"ListItem\",\"position\":2,\"name\":\"Productos\",\"item\":\"https:\/\/www.cudieshop.com\/es\/shop\/\"},{\"@type\":\"ListItem\",\"position\":3,\"name\":\"Lote Ra\u00edces del Pened\u00e8s 2025\"}]},{\"@type\":\"WebSite\",\"@id\":\"https:\/\/www.cudieshop.com\/#website\",\"url\":\"https:\/\/www.cudieshop.com\/\",\"name\":\"Cudieshop\",\"description\":\"Bombons Cudi\u00e9\",\"potentialAction\":[{\"@type\":\"SearchAction\",\"target\":{\"@type\":\"EntryPoint\",\"urlTemplate\":\"https:\/\/www.cudieshop.com\/?s={search_term_string}\"},\"query-input\":\"required name=search_term_string\"}],\"inLanguage\":\"es\"}]}<\/script>\n<!-- \/ Yoast SEO plugin. -->","yoast_head_json":{"title":"Lote Ra\u00edces del Pened\u00e8s 2025 - Cudieshop","description":"Vive una experiencia Gourmet con el Lote Ra\u00edces del Pened\u00e8s 2025. Descubre el placer de regalar momentos extraordinarios con ese surtido exclusivo.","robots":{"index":"index","follow":"follow","max-snippet":"max-snippet:-1","max-image-preview":"max-image-preview:large","max-video-preview":"max-video-preview:-1"},"canonical":"https:\/\/www.cudieshop.com\/es\/producto\/lote-raices-del-penedes-2025\/","og_locale":"es_ES","og_type":"article","og_title":"Lote Ra\u00edces del Pened\u00e8s 2025 - Cudieshop","og_description":"Vive una experiencia Gourmet con el Lote Ra\u00edces del Pened\u00e8s 2025. Descubre el placer de regalar momentos extraordinarios con ese surtido exclusivo.","og_url":"https:\/\/www.cudieshop.com\/es\/producto\/lote-raices-del-penedes-2025\/","og_site_name":"Cudieshop","article_modified_time":"2025-11-24T09:13:02+00:00","og_image":[{"width":2560,"height":1707,"url":"https:\/\/www.cudieshop.com\/wp-content\/uploads\/2021\/11\/Lot-Arrels-del-Penedes-1-scaled.jpg","type":"image\/jpeg"}],"twitter_card":"summary_large_image","twitter_misc":{"Tiempo de lectura":"1 minuto"},"schema":{"@context":"https:\/\/schema.org","@graph":[{"@type":"WebPage","@id":"https:\/\/www.cudieshop.com\/es\/producto\/lote-raices-del-penedes-2025\/","url":"https:\/\/www.cudieshop.com\/es\/producto\/lote-raices-del-penedes-2025\/","name":"Lote Ra\u00edces del Pened\u00e8s 2025 - Cudieshop","isPartOf":{"@id":"https:\/\/www.cudieshop.com\/#website"},"primaryImageOfPage":{"@id":"https:\/\/www.cudieshop.com\/es\/producto\/lote-raices-del-penedes-2025\/#primaryimage"},"image":{"@id":"https:\/\/www.cudieshop.com\/es\/producto\/lote-raices-del-penedes-2025\/#primaryimage"},"thumbnailUrl":"https:\/\/www.cudieshop.com\/wp-content\/uploads\/2021\/11\/Lot-Arrels-del-Penedes-1-scaled.jpg","datePublished":"2021-11-08T11:58:06+00:00","dateModified":"2025-11-24T09:13:02+00:00","description":"Vive una experiencia Gourmet con el Lote Ra\u00edces del Pened\u00e8s 2025. Descubre el placer de regalar momentos extraordinarios con ese surtido exclusivo.","breadcrumb":{"@id":"https:\/\/www.cudieshop.com\/es\/producto\/lote-raices-del-penedes-2025\/#breadcrumb"},"inLanguage":"es","potentialAction":[{"@type":"ReadAction","target":["https:\/\/www.cudieshop.com\/es\/producto\/lote-raices-del-penedes-2025\/"]}]},{"@type":"ImageObject","inLanguage":"es","@id":"https:\/\/www.cudieshop.com\/es\/producto\/lote-raices-del-penedes-2025\/#primaryimage","url":"https:\/\/www.cudieshop.com\/wp-content\/uploads\/2021\/11\/Lot-Arrels-del-Penedes-1-scaled.jpg","contentUrl":"https:\/\/www.cudieshop.com\/wp-content\/uploads\/2021\/11\/Lot-Arrels-del-Penedes-1-scaled.jpg","width":2560,"height":1707},{"@type":"BreadcrumbList","@id":"https:\/\/www.cudieshop.com\/es\/producto\/lote-raices-del-penedes-2025\/#breadcrumb","itemListElement":[{"@type":"ListItem","position":1,"name":"Inici","item":"https:\/\/www.cudieshop.com\/es\/"},{"@type":"ListItem","position":2,"name":"Productos","item":"https:\/\/www.cudieshop.com\/es\/shop\/"},{"@type":"ListItem","position":3,"name":"Lote Ra\u00edces del Pened\u00e8s 2025"}]},{"@type":"WebSite","@id":"https:\/\/www.cudieshop.com\/#website","url":"https:\/\/www.cudieshop.com\/","name":"Cudieshop","description":"Bombons Cudi\u00e9","potentialAction":[{"@type":"SearchAction","target":{"@type":"EntryPoint","urlTemplate":"https:\/\/www.cudieshop.com\/?s={search_term_string}"},"query-input":"required name=search_term_string"}],"inLanguage":"es"}]}},"_links":{"self":[{"href":"https:\/\/www.cudieshop.com\/es\/wp-json\/wp\/v2\/product\/25863"}],"collection":[{"href":"https:\/\/www.cudieshop.com\/es\/wp-json\/wp\/v2\/product"}],"about":[{"href":"https:\/\/www.cudieshop.com\/es\/wp-json\/wp\/v2\/types\/product"}],"wp:featuredmedia":[{"embeddable":true,"href":"https:\/\/www.cudieshop.com\/es\/wp-json\/wp\/v2\/media\/34089"}],"wp:attachment":[{"href":"https:\/\/www.cudieshop.com\/es\/wp-json\/wp\/v2\/media?parent=25863"}],"wp:term":[{"taxonomy":"product_cat","embeddable":true,"href":"https:\/\/www.cudieshop.com\/es\/wp-json\/wp\/v2\/product_cat?post=25863"},{"taxonomy":"product_tag","embeddable":true,"href":"https:\/\/www.cudieshop.com\/es\/wp-json\/wp\/v2\/product_tag?post=25863"}],"curies":[{"name":"wp","href":"https:\/\/api.w.org\/{rel}","templated":true}]}}