{"id":21082,"date":"2020-03-02T08:01:52","date_gmt":"2020-03-02T07:00:52","guid":{"rendered":"https:\/\/www.cudieshop.com\/?post_type=product&#038;p=21082"},"modified":"2024-05-09T16:00:41","modified_gmt":"2024-05-09T14:00:41","slug":"catanies-duet-original-y-himalayan-salt-250g","status":"publish","type":"product","link":"https:\/\/www.cudieshop.com\/es\/producto\/catanies-duet-original-y-himalayan-salt-250g\/","title":{"rendered":"Catanias\u00ae Duet &#8211; Original y Himalayan Salt 250g &#8211; 38u aprox."},"content":{"rendered":"<p><strong>Catanias\u00ae Cudi\u00e9<\/strong> presenta un contrapunto de dulce y salado muy sugerente para el paladar: <strong>Catanias\u00ae originales<\/strong> y <strong>Catanias\u00ae de Sal del Himalaya<\/strong>. \u00a1La explosi\u00f3n de sabores que no te dejar\u00e1 indiferente!<\/p>\n","protected":false},"excerpt":{"rendered":"<p>Descubre la <strong>colecci\u00f3n DUET<\/strong> de <strong>Catanias\u00ae Cudi\u00e9<\/strong> m\u00e1s sorprendente. La combinaci\u00f3n perfecta de nuestras <strong>Catanias\u00ae originales<\/strong> y las <strong>Catanias\u00ae de Sal del Himalaya<\/strong>. Sin gluten.<\/p>\n","protected":false},"featured_media":31110,"template":"","meta":[],"product_cat":[264,12,33],"product_tag":[],"yoast_head":"<!-- This site is optimized with the Yoast SEO plugin v22.6 - https:\/\/yoast.com\/wordpress\/plugins\/seo\/ -->\n<title>Catanias\u00ae Duet - Original y Himalayan Salt 250g - 38u aprox. - Cudieshop<\/title>\n<meta name=\"description\" content=\"Descubre la colecci\u00f3n DUET de Catanias\u00ae Cudi\u00e9 m\u00e1s sorprendente. La combinaci\u00f3n perfecta de nuestras Catanias\u00ae originales y las Catanias\u00ae de Sal del Himalaya. Sin gluten.\" \/>\n<meta name=\"robots\" content=\"index, follow, max-snippet:-1, max-image-preview:large, max-video-preview:-1\" \/>\n<link rel=\"canonical\" href=\"https:\/\/www.cudieshop.com\/es\/producto\/catanies-duet-original-y-himalayan-salt-250g\/\" \/>\n<meta property=\"og:locale\" content=\"es_ES\" \/>\n<meta property=\"og:type\" content=\"article\" \/>\n<meta property=\"og:title\" content=\"Catanias\u00ae Duet - Original y Himalayan Salt 250g - 38u aprox. - Cudieshop\" \/>\n<meta property=\"og:description\" content=\"Descubre la colecci\u00f3n DUET de Catanias\u00ae Cudi\u00e9 m\u00e1s sorprendente. La combinaci\u00f3n perfecta de nuestras Catanias\u00ae originales y las Catanias\u00ae de Sal del Himalaya. Sin gluten.\" \/>\n<meta property=\"og:url\" content=\"https:\/\/www.cudieshop.com\/es\/producto\/catanies-duet-original-y-himalayan-salt-250g\/\" \/>\n<meta property=\"og:site_name\" content=\"Cudieshop\" \/>\n<meta property=\"article:modified_time\" content=\"2024-05-09T14:00:41+00:00\" \/>\n<meta property=\"og:image\" content=\"https:\/\/www.cudieshop.com\/wp-content\/uploads\/2020\/03\/Banners-Cudie\u0301-mobile-9.jpg\" \/>\n\t<meta property=\"og:image:width\" content=\"800\" \/>\n\t<meta property=\"og:image:height\" content=\"800\" \/>\n\t<meta property=\"og:image:type\" content=\"image\/jpeg\" \/>\n<meta name=\"twitter:card\" content=\"summary_large_image\" \/>\n<meta name=\"twitter:label1\" content=\"Tiempo de lectura\" \/>\n\t<meta name=\"twitter:data1\" content=\"1 minuto\" \/>\n<script type=\"application\/ld+json\" class=\"yoast-schema-graph\">{\"@context\":\"https:\/\/schema.org\",\"@graph\":[{\"@type\":\"WebPage\",\"@id\":\"https:\/\/www.cudieshop.com\/es\/producto\/catanies-duet-original-y-himalayan-salt-250g\/\",\"url\":\"https:\/\/www.cudieshop.com\/es\/producto\/catanies-duet-original-y-himalayan-salt-250g\/\",\"name\":\"Catanias\u00ae Duet - Original y Himalayan Salt 250g - 38u aprox. - Cudieshop\",\"isPartOf\":{\"@id\":\"https:\/\/www.cudieshop.com\/#website\"},\"primaryImageOfPage\":{\"@id\":\"https:\/\/www.cudieshop.com\/es\/producto\/catanies-duet-original-y-himalayan-salt-250g\/#primaryimage\"},\"image\":{\"@id\":\"https:\/\/www.cudieshop.com\/es\/producto\/catanies-duet-original-y-himalayan-salt-250g\/#primaryimage\"},\"thumbnailUrl\":\"https:\/\/www.cudieshop.com\/wp-content\/uploads\/2020\/03\/Banners-Cudie\u0301-mobile-9.jpg\",\"datePublished\":\"2020-03-02T07:00:52+00:00\",\"dateModified\":\"2024-05-09T14:00:41+00:00\",\"description\":\"Descubre la colecci\u00f3n DUET de Catanias\u00ae Cudi\u00e9 m\u00e1s sorprendente. La combinaci\u00f3n perfecta de nuestras Catanias\u00ae originales y las Catanias\u00ae de Sal del Himalaya. Sin gluten.\",\"breadcrumb\":{\"@id\":\"https:\/\/www.cudieshop.com\/es\/producto\/catanies-duet-original-y-himalayan-salt-250g\/#breadcrumb\"},\"inLanguage\":\"es\",\"potentialAction\":[{\"@type\":\"ReadAction\",\"target\":[\"https:\/\/www.cudieshop.com\/es\/producto\/catanies-duet-original-y-himalayan-salt-250g\/\"]}]},{\"@type\":\"ImageObject\",\"inLanguage\":\"es\",\"@id\":\"https:\/\/www.cudieshop.com\/es\/producto\/catanies-duet-original-y-himalayan-salt-250g\/#primaryimage\",\"url\":\"https:\/\/www.cudieshop.com\/wp-content\/uploads\/2020\/03\/Banners-Cudie\u0301-mobile-9.jpg\",\"contentUrl\":\"https:\/\/www.cudieshop.com\/wp-content\/uploads\/2020\/03\/Banners-Cudie\u0301-mobile-9.jpg\",\"width\":800,\"height\":800},{\"@type\":\"BreadcrumbList\",\"@id\":\"https:\/\/www.cudieshop.com\/es\/producto\/catanies-duet-original-y-himalayan-salt-250g\/#breadcrumb\",\"itemListElement\":[{\"@type\":\"ListItem\",\"position\":1,\"name\":\"Inici\",\"item\":\"https:\/\/www.cudieshop.com\/es\/\"},{\"@type\":\"ListItem\",\"position\":2,\"name\":\"Productos\",\"item\":\"https:\/\/www.cudieshop.com\/es\/shop\/\"},{\"@type\":\"ListItem\",\"position\":3,\"name\":\"Catanias\u00ae Duet &#8211; Original y Himalayan Salt 250g &#8211; 38u aprox.\"}]},{\"@type\":\"WebSite\",\"@id\":\"https:\/\/www.cudieshop.com\/#website\",\"url\":\"https:\/\/www.cudieshop.com\/\",\"name\":\"Cudieshop\",\"description\":\"Bombons Cudi\u00e9\",\"potentialAction\":[{\"@type\":\"SearchAction\",\"target\":{\"@type\":\"EntryPoint\",\"urlTemplate\":\"https:\/\/www.cudieshop.com\/?s={search_term_string}\"},\"query-input\":\"required name=search_term_string\"}],\"inLanguage\":\"es\"}]}<\/script>\n<!-- \/ Yoast SEO plugin. -->","yoast_head_json":{"title":"Catanias\u00ae Duet - Original y Himalayan Salt 250g - 38u aprox. - Cudieshop","description":"Descubre la colecci\u00f3n DUET de Catanias\u00ae Cudi\u00e9 m\u00e1s sorprendente. La combinaci\u00f3n perfecta de nuestras Catanias\u00ae originales y las Catanias\u00ae de Sal del Himalaya. Sin gluten.","robots":{"index":"index","follow":"follow","max-snippet":"max-snippet:-1","max-image-preview":"max-image-preview:large","max-video-preview":"max-video-preview:-1"},"canonical":"https:\/\/www.cudieshop.com\/es\/producto\/catanies-duet-original-y-himalayan-salt-250g\/","og_locale":"es_ES","og_type":"article","og_title":"Catanias\u00ae Duet - Original y Himalayan Salt 250g - 38u aprox. - Cudieshop","og_description":"Descubre la colecci\u00f3n DUET de Catanias\u00ae Cudi\u00e9 m\u00e1s sorprendente. La combinaci\u00f3n perfecta de nuestras Catanias\u00ae originales y las Catanias\u00ae de Sal del Himalaya. Sin gluten.","og_url":"https:\/\/www.cudieshop.com\/es\/producto\/catanies-duet-original-y-himalayan-salt-250g\/","og_site_name":"Cudieshop","article_modified_time":"2024-05-09T14:00:41+00:00","og_image":[{"width":800,"height":800,"url":"https:\/\/www.cudieshop.com\/wp-content\/uploads\/2020\/03\/Banners-Cudie\u0301-mobile-9.jpg","type":"image\/jpeg"}],"twitter_card":"summary_large_image","twitter_misc":{"Tiempo de lectura":"1 minuto"},"schema":{"@context":"https:\/\/schema.org","@graph":[{"@type":"WebPage","@id":"https:\/\/www.cudieshop.com\/es\/producto\/catanies-duet-original-y-himalayan-salt-250g\/","url":"https:\/\/www.cudieshop.com\/es\/producto\/catanies-duet-original-y-himalayan-salt-250g\/","name":"Catanias\u00ae Duet - Original y Himalayan Salt 250g - 38u aprox. - Cudieshop","isPartOf":{"@id":"https:\/\/www.cudieshop.com\/#website"},"primaryImageOfPage":{"@id":"https:\/\/www.cudieshop.com\/es\/producto\/catanies-duet-original-y-himalayan-salt-250g\/#primaryimage"},"image":{"@id":"https:\/\/www.cudieshop.com\/es\/producto\/catanies-duet-original-y-himalayan-salt-250g\/#primaryimage"},"thumbnailUrl":"https:\/\/www.cudieshop.com\/wp-content\/uploads\/2020\/03\/Banners-Cudie\u0301-mobile-9.jpg","datePublished":"2020-03-02T07:00:52+00:00","dateModified":"2024-05-09T14:00:41+00:00","description":"Descubre la colecci\u00f3n DUET de Catanias\u00ae Cudi\u00e9 m\u00e1s sorprendente. La combinaci\u00f3n perfecta de nuestras Catanias\u00ae originales y las Catanias\u00ae de Sal del Himalaya. Sin gluten.","breadcrumb":{"@id":"https:\/\/www.cudieshop.com\/es\/producto\/catanies-duet-original-y-himalayan-salt-250g\/#breadcrumb"},"inLanguage":"es","potentialAction":[{"@type":"ReadAction","target":["https:\/\/www.cudieshop.com\/es\/producto\/catanies-duet-original-y-himalayan-salt-250g\/"]}]},{"@type":"ImageObject","inLanguage":"es","@id":"https:\/\/www.cudieshop.com\/es\/producto\/catanies-duet-original-y-himalayan-salt-250g\/#primaryimage","url":"https:\/\/www.cudieshop.com\/wp-content\/uploads\/2020\/03\/Banners-Cudie\u0301-mobile-9.jpg","contentUrl":"https:\/\/www.cudieshop.com\/wp-content\/uploads\/2020\/03\/Banners-Cudie\u0301-mobile-9.jpg","width":800,"height":800},{"@type":"BreadcrumbList","@id":"https:\/\/www.cudieshop.com\/es\/producto\/catanies-duet-original-y-himalayan-salt-250g\/#breadcrumb","itemListElement":[{"@type":"ListItem","position":1,"name":"Inici","item":"https:\/\/www.cudieshop.com\/es\/"},{"@type":"ListItem","position":2,"name":"Productos","item":"https:\/\/www.cudieshop.com\/es\/shop\/"},{"@type":"ListItem","position":3,"name":"Catanias\u00ae Duet &#8211; Original y Himalayan Salt 250g &#8211; 38u aprox."}]},{"@type":"WebSite","@id":"https:\/\/www.cudieshop.com\/#website","url":"https:\/\/www.cudieshop.com\/","name":"Cudieshop","description":"Bombons Cudi\u00e9","potentialAction":[{"@type":"SearchAction","target":{"@type":"EntryPoint","urlTemplate":"https:\/\/www.cudieshop.com\/?s={search_term_string}"},"query-input":"required name=search_term_string"}],"inLanguage":"es"}]}},"_links":{"self":[{"href":"https:\/\/www.cudieshop.com\/es\/wp-json\/wp\/v2\/product\/21082"}],"collection":[{"href":"https:\/\/www.cudieshop.com\/es\/wp-json\/wp\/v2\/product"}],"about":[{"href":"https:\/\/www.cudieshop.com\/es\/wp-json\/wp\/v2\/types\/product"}],"wp:featuredmedia":[{"embeddable":true,"href":"https:\/\/www.cudieshop.com\/es\/wp-json\/wp\/v2\/media\/31110"}],"wp:attachment":[{"href":"https:\/\/www.cudieshop.com\/es\/wp-json\/wp\/v2\/media?parent=21082"}],"wp:term":[{"taxonomy":"product_cat","embeddable":true,"href":"https:\/\/www.cudieshop.com\/es\/wp-json\/wp\/v2\/product_cat?post=21082"},{"taxonomy":"product_tag","embeddable":true,"href":"https:\/\/www.cudieshop.com\/es\/wp-json\/wp\/v2\/product_tag?post=21082"}],"curies":[{"name":"wp","href":"https:\/\/api.w.org\/{rel}","templated":true}]}}