{"id":15192,"date":"2019-12-05T21:55:22","date_gmt":"2019-12-05T21:23:13","guid":{"rendered":"https:\/\/www.cudieshop.com\/?post_type=product&#038;p=15192"},"modified":"2024-05-09T16:07:58","modified_gmt":"2024-05-09T14:07:58","slug":"catanies-crema-catalana-150g","status":"publish","type":"product","link":"https:\/\/www.cudieshop.com\/es\/producto\/catanies-crema-catalana-150g\/","title":{"rendered":"Catanias\u00ae Crema Catalana"},"content":{"rendered":"<p>Las <strong>Catanias\u00ae de crema catalana<\/strong> son la \u00faltima creaci\u00f3n de la familia Cudi\u00e9. El equilibrio perfecto entre su exquisito <strong>pralin\u00e9<\/strong> y la <strong>almendra mediterr\u00e1nea<\/strong> recuerda a las cremas catalanas m\u00e1s tradicionales. \u00a1Una experiencia \u00fanica para los que buscan sabores aut\u00e9nticos!<\/p>\n","protected":false},"excerpt":{"rendered":"<p><strong>Catanias\u00ae Cudi\u00e9<\/strong> presenta las <strong>Catanias\u00ae de Crema Catalana.<\/strong> <strong>Almendra mediterr\u00e1nea<\/strong> caramelizada con chocolate blanco, sabor <strong>crema catalana<\/strong>. El postre por antonomasia de la cocina catalana, ahora convertido en bomb\u00f3n. Sin gluten.<\/p>\n","protected":false},"featured_media":30792,"template":"","meta":[],"product_cat":[12],"product_tag":[],"yoast_head":"<!-- This site is optimized with the Yoast SEO plugin v22.6 - https:\/\/yoast.com\/wordpress\/plugins\/seo\/ -->\n<title>Catanias de Crema Catalana | Cudi\u00e9 Tienda Online<\/title>\n<meta name=\"description\" content=\"La \u00faltima creaci\u00f3n de la familia Cudi\u00e9: catanies de crema catalana con chocolate blanco. Una explosi\u00f3n de sabor para los paladares m\u00e1s exquisitos.\" \/>\n<meta name=\"robots\" content=\"index, follow, max-snippet:-1, max-image-preview:large, max-video-preview:-1\" \/>\n<link rel=\"canonical\" href=\"https:\/\/www.cudieshop.com\/es\/producto\/catanies-crema-catalana-150g\/\" \/>\n<meta property=\"og:locale\" content=\"es_ES\" \/>\n<meta property=\"og:type\" content=\"article\" \/>\n<meta property=\"og:title\" content=\"Catanias de Crema Catalana | Cudi\u00e9 Tienda Online\" \/>\n<meta property=\"og:description\" content=\"La \u00faltima creaci\u00f3n de la familia Cudi\u00e9: catanies de crema catalana con chocolate blanco. Una explosi\u00f3n de sabor para los paladares m\u00e1s exquisitos.\" \/>\n<meta property=\"og:url\" content=\"https:\/\/www.cudieshop.com\/es\/producto\/catanies-crema-catalana-150g\/\" \/>\n<meta property=\"og:site_name\" content=\"Cudieshop\" \/>\n<meta property=\"article:modified_time\" content=\"2024-05-09T14:07:58+00:00\" \/>\n<meta property=\"og:image\" content=\"https:\/\/www.cudieshop.com\/wp-content\/uploads\/2019\/12\/Banners-grans-news-2-2023-10-20T113741.280.png\" \/>\n\t<meta property=\"og:image:width\" content=\"1200\" \/>\n\t<meta property=\"og:image:height\" content=\"1200\" \/>\n\t<meta property=\"og:image:type\" content=\"image\/png\" \/>\n<meta name=\"twitter:card\" content=\"summary_large_image\" \/>\n<meta name=\"twitter:label1\" content=\"Tiempo de lectura\" \/>\n\t<meta name=\"twitter:data1\" content=\"1 minuto\" \/>\n<script type=\"application\/ld+json\" class=\"yoast-schema-graph\">{\"@context\":\"https:\/\/schema.org\",\"@graph\":[{\"@type\":\"WebPage\",\"@id\":\"https:\/\/www.cudieshop.com\/es\/producto\/catanies-crema-catalana-150g\/\",\"url\":\"https:\/\/www.cudieshop.com\/es\/producto\/catanies-crema-catalana-150g\/\",\"name\":\"Catanias de Crema Catalana | Cudi\u00e9 Tienda Online\",\"isPartOf\":{\"@id\":\"https:\/\/www.cudieshop.com\/#website\"},\"primaryImageOfPage\":{\"@id\":\"https:\/\/www.cudieshop.com\/es\/producto\/catanies-crema-catalana-150g\/#primaryimage\"},\"image\":{\"@id\":\"https:\/\/www.cudieshop.com\/es\/producto\/catanies-crema-catalana-150g\/#primaryimage\"},\"thumbnailUrl\":\"https:\/\/www.cudieshop.com\/wp-content\/uploads\/2019\/12\/Banners-grans-news-2-2023-10-20T113741.280.png\",\"datePublished\":\"2019-12-05T21:23:13+00:00\",\"dateModified\":\"2024-05-09T14:07:58+00:00\",\"description\":\"La \u00faltima creaci\u00f3n de la familia Cudi\u00e9: catanies de crema catalana con chocolate blanco. Una explosi\u00f3n de sabor para los paladares m\u00e1s exquisitos.\",\"breadcrumb\":{\"@id\":\"https:\/\/www.cudieshop.com\/es\/producto\/catanies-crema-catalana-150g\/#breadcrumb\"},\"inLanguage\":\"es\",\"potentialAction\":[{\"@type\":\"ReadAction\",\"target\":[\"https:\/\/www.cudieshop.com\/es\/producto\/catanies-crema-catalana-150g\/\"]}]},{\"@type\":\"ImageObject\",\"inLanguage\":\"es\",\"@id\":\"https:\/\/www.cudieshop.com\/es\/producto\/catanies-crema-catalana-150g\/#primaryimage\",\"url\":\"https:\/\/www.cudieshop.com\/wp-content\/uploads\/2019\/12\/Banners-grans-news-2-2023-10-20T113741.280.png\",\"contentUrl\":\"https:\/\/www.cudieshop.com\/wp-content\/uploads\/2019\/12\/Banners-grans-news-2-2023-10-20T113741.280.png\",\"width\":1200,\"height\":1200},{\"@type\":\"BreadcrumbList\",\"@id\":\"https:\/\/www.cudieshop.com\/es\/producto\/catanies-crema-catalana-150g\/#breadcrumb\",\"itemListElement\":[{\"@type\":\"ListItem\",\"position\":1,\"name\":\"Inici\",\"item\":\"https:\/\/www.cudieshop.com\/es\/\"},{\"@type\":\"ListItem\",\"position\":2,\"name\":\"Productos\",\"item\":\"https:\/\/www.cudieshop.com\/es\/shop\/\"},{\"@type\":\"ListItem\",\"position\":3,\"name\":\"Catanias\u00ae Crema Catalana\"}]},{\"@type\":\"WebSite\",\"@id\":\"https:\/\/www.cudieshop.com\/#website\",\"url\":\"https:\/\/www.cudieshop.com\/\",\"name\":\"Cudieshop\",\"description\":\"Bombons Cudi\u00e9\",\"potentialAction\":[{\"@type\":\"SearchAction\",\"target\":{\"@type\":\"EntryPoint\",\"urlTemplate\":\"https:\/\/www.cudieshop.com\/?s={search_term_string}\"},\"query-input\":\"required name=search_term_string\"}],\"inLanguage\":\"es\"}]}<\/script>\n<!-- \/ Yoast SEO plugin. -->","yoast_head_json":{"title":"Catanias de Crema Catalana | Cudi\u00e9 Tienda Online","description":"La \u00faltima creaci\u00f3n de la familia Cudi\u00e9: catanies de crema catalana con chocolate blanco. Una explosi\u00f3n de sabor para los paladares m\u00e1s exquisitos.","robots":{"index":"index","follow":"follow","max-snippet":"max-snippet:-1","max-image-preview":"max-image-preview:large","max-video-preview":"max-video-preview:-1"},"canonical":"https:\/\/www.cudieshop.com\/es\/producto\/catanies-crema-catalana-150g\/","og_locale":"es_ES","og_type":"article","og_title":"Catanias de Crema Catalana | Cudi\u00e9 Tienda Online","og_description":"La \u00faltima creaci\u00f3n de la familia Cudi\u00e9: catanies de crema catalana con chocolate blanco. Una explosi\u00f3n de sabor para los paladares m\u00e1s exquisitos.","og_url":"https:\/\/www.cudieshop.com\/es\/producto\/catanies-crema-catalana-150g\/","og_site_name":"Cudieshop","article_modified_time":"2024-05-09T14:07:58+00:00","og_image":[{"width":1200,"height":1200,"url":"https:\/\/www.cudieshop.com\/wp-content\/uploads\/2019\/12\/Banners-grans-news-2-2023-10-20T113741.280.png","type":"image\/png"}],"twitter_card":"summary_large_image","twitter_misc":{"Tiempo de lectura":"1 minuto"},"schema":{"@context":"https:\/\/schema.org","@graph":[{"@type":"WebPage","@id":"https:\/\/www.cudieshop.com\/es\/producto\/catanies-crema-catalana-150g\/","url":"https:\/\/www.cudieshop.com\/es\/producto\/catanies-crema-catalana-150g\/","name":"Catanias de Crema Catalana | Cudi\u00e9 Tienda Online","isPartOf":{"@id":"https:\/\/www.cudieshop.com\/#website"},"primaryImageOfPage":{"@id":"https:\/\/www.cudieshop.com\/es\/producto\/catanies-crema-catalana-150g\/#primaryimage"},"image":{"@id":"https:\/\/www.cudieshop.com\/es\/producto\/catanies-crema-catalana-150g\/#primaryimage"},"thumbnailUrl":"https:\/\/www.cudieshop.com\/wp-content\/uploads\/2019\/12\/Banners-grans-news-2-2023-10-20T113741.280.png","datePublished":"2019-12-05T21:23:13+00:00","dateModified":"2024-05-09T14:07:58+00:00","description":"La \u00faltima creaci\u00f3n de la familia Cudi\u00e9: catanies de crema catalana con chocolate blanco. Una explosi\u00f3n de sabor para los paladares m\u00e1s exquisitos.","breadcrumb":{"@id":"https:\/\/www.cudieshop.com\/es\/producto\/catanies-crema-catalana-150g\/#breadcrumb"},"inLanguage":"es","potentialAction":[{"@type":"ReadAction","target":["https:\/\/www.cudieshop.com\/es\/producto\/catanies-crema-catalana-150g\/"]}]},{"@type":"ImageObject","inLanguage":"es","@id":"https:\/\/www.cudieshop.com\/es\/producto\/catanies-crema-catalana-150g\/#primaryimage","url":"https:\/\/www.cudieshop.com\/wp-content\/uploads\/2019\/12\/Banners-grans-news-2-2023-10-20T113741.280.png","contentUrl":"https:\/\/www.cudieshop.com\/wp-content\/uploads\/2019\/12\/Banners-grans-news-2-2023-10-20T113741.280.png","width":1200,"height":1200},{"@type":"BreadcrumbList","@id":"https:\/\/www.cudieshop.com\/es\/producto\/catanies-crema-catalana-150g\/#breadcrumb","itemListElement":[{"@type":"ListItem","position":1,"name":"Inici","item":"https:\/\/www.cudieshop.com\/es\/"},{"@type":"ListItem","position":2,"name":"Productos","item":"https:\/\/www.cudieshop.com\/es\/shop\/"},{"@type":"ListItem","position":3,"name":"Catanias\u00ae Crema Catalana"}]},{"@type":"WebSite","@id":"https:\/\/www.cudieshop.com\/#website","url":"https:\/\/www.cudieshop.com\/","name":"Cudieshop","description":"Bombons Cudi\u00e9","potentialAction":[{"@type":"SearchAction","target":{"@type":"EntryPoint","urlTemplate":"https:\/\/www.cudieshop.com\/?s={search_term_string}"},"query-input":"required name=search_term_string"}],"inLanguage":"es"}]}},"_links":{"self":[{"href":"https:\/\/www.cudieshop.com\/es\/wp-json\/wp\/v2\/product\/15192"}],"collection":[{"href":"https:\/\/www.cudieshop.com\/es\/wp-json\/wp\/v2\/product"}],"about":[{"href":"https:\/\/www.cudieshop.com\/es\/wp-json\/wp\/v2\/types\/product"}],"wp:featuredmedia":[{"embeddable":true,"href":"https:\/\/www.cudieshop.com\/es\/wp-json\/wp\/v2\/media\/30792"}],"wp:attachment":[{"href":"https:\/\/www.cudieshop.com\/es\/wp-json\/wp\/v2\/media?parent=15192"}],"wp:term":[{"taxonomy":"product_cat","embeddable":true,"href":"https:\/\/www.cudieshop.com\/es\/wp-json\/wp\/v2\/product_cat?post=15192"},{"taxonomy":"product_tag","embeddable":true,"href":"https:\/\/www.cudieshop.com\/es\/wp-json\/wp\/v2\/product_tag?post=15192"}],"curies":[{"name":"wp","href":"https:\/\/api.w.org\/{rel}","templated":true}]}}