{"id":11792,"date":"2019-10-02T00:00:00","date_gmt":"2019-10-01T22:00:00","guid":{"rendered":"https:\/\/www.cudieshop.com\/producte\/turron-catanies-200g\/"},"modified":"2024-05-09T16:18:12","modified_gmt":"2024-05-09T14:18:12","slug":"turron-catanies-200g","status":"publish","type":"product","link":"https:\/\/www.cudieshop.com\/es\/producto\/turron-catanies-200g\/","title":{"rendered":"Turr\u00f3n Catanias 200g"},"content":{"rendered":"<p><strong>Turr\u00f3n<\/strong> gourmet de <strong>Catanias\u00ae Cudi\u00e9.<\/strong> Una elegante y sutil combinaci\u00f3n de almendras mediterr\u00e1neas, seleccionadas y caramelizadas, ba\u00f1adas con un delicioso <strong>pralin\u00e9<\/strong> de frutos secos y recubiertos con cacao en polvo. \u00a1Un turr\u00f3n original que no te dejar\u00e1 indiferente!<\/p>\n","protected":false},"excerpt":{"rendered":"<p>La creaci\u00f3n de <strong>Catanias\u00ae Cudi\u00e9<\/strong> m\u00e1s conocida convertida en una deliciosa y elegante barra de <strong>turr\u00f3n<\/strong>. Sin Gluten.<\/p>\n","protected":false},"featured_media":32248,"template":"","meta":[],"product_cat":[264,291,262],"product_tag":[],"yoast_head":"<!-- This site is optimized with the Yoast SEO plugin v22.6 - https:\/\/yoast.com\/wordpress\/plugins\/seo\/ -->\n<title>Turr\u00f3n de Catanias 200 gr. | Cudi\u00e9 Tienda Online<\/title>\n<meta name=\"description\" content=\"Las famosas catanias de Cudi\u00e9 convertidas en una original, deliciosa y elegante barra de turr\u00f3n. Turr\u00f3n Gourmet de Catanias: \u00a1no te dejar\u00e1 indiferente!\" \/>\n<meta name=\"robots\" content=\"index, follow, max-snippet:-1, max-image-preview:large, max-video-preview:-1\" \/>\n<link rel=\"canonical\" href=\"https:\/\/www.cudieshop.com\/es\/producto\/turron-catanies-200g\/\" \/>\n<meta property=\"og:locale\" content=\"es_ES\" \/>\n<meta property=\"og:type\" content=\"article\" \/>\n<meta property=\"og:title\" content=\"Turr\u00f3n de Catanias 200 gr. | Cudi\u00e9 Tienda Online\" \/>\n<meta property=\"og:description\" content=\"Las famosas catanias de Cudi\u00e9 convertidas en una original, deliciosa y elegante barra de turr\u00f3n. Turr\u00f3n Gourmet de Catanias: \u00a1no te dejar\u00e1 indiferente!\" \/>\n<meta property=\"og:url\" content=\"https:\/\/www.cudieshop.com\/es\/producto\/turron-catanies-200g\/\" \/>\n<meta property=\"og:site_name\" content=\"Cudieshop\" \/>\n<meta property=\"article:modified_time\" content=\"2024-05-09T14:18:12+00:00\" \/>\n<meta property=\"og:image\" content=\"https:\/\/www.cudieshop.com\/wp-content\/uploads\/2019\/10\/Banners-grans-news-2-7.jpg\" \/>\n\t<meta property=\"og:image:width\" content=\"600\" \/>\n\t<meta property=\"og:image:height\" content=\"600\" \/>\n\t<meta property=\"og:image:type\" content=\"image\/jpeg\" \/>\n<meta name=\"twitter:card\" content=\"summary_large_image\" \/>\n<meta name=\"twitter:label1\" content=\"Tiempo de lectura\" \/>\n\t<meta name=\"twitter:data1\" content=\"1 minuto\" \/>\n<script type=\"application\/ld+json\" class=\"yoast-schema-graph\">{\"@context\":\"https:\/\/schema.org\",\"@graph\":[{\"@type\":\"WebPage\",\"@id\":\"https:\/\/www.cudieshop.com\/es\/producto\/turron-catanies-200g\/\",\"url\":\"https:\/\/www.cudieshop.com\/es\/producto\/turron-catanies-200g\/\",\"name\":\"Turr\u00f3n de Catanias 200 gr. | Cudi\u00e9 Tienda Online\",\"isPartOf\":{\"@id\":\"https:\/\/www.cudieshop.com\/#website\"},\"primaryImageOfPage\":{\"@id\":\"https:\/\/www.cudieshop.com\/es\/producto\/turron-catanies-200g\/#primaryimage\"},\"image\":{\"@id\":\"https:\/\/www.cudieshop.com\/es\/producto\/turron-catanies-200g\/#primaryimage\"},\"thumbnailUrl\":\"https:\/\/www.cudieshop.com\/wp-content\/uploads\/2019\/10\/Banners-grans-news-2-7.jpg\",\"datePublished\":\"2019-10-01T22:00:00+00:00\",\"dateModified\":\"2024-05-09T14:18:12+00:00\",\"description\":\"Las famosas catanias de Cudi\u00e9 convertidas en una original, deliciosa y elegante barra de turr\u00f3n. Turr\u00f3n Gourmet de Catanias: \u00a1no te dejar\u00e1 indiferente!\",\"breadcrumb\":{\"@id\":\"https:\/\/www.cudieshop.com\/es\/producto\/turron-catanies-200g\/#breadcrumb\"},\"inLanguage\":\"es\",\"potentialAction\":[{\"@type\":\"ReadAction\",\"target\":[\"https:\/\/www.cudieshop.com\/es\/producto\/turron-catanies-200g\/\"]}]},{\"@type\":\"ImageObject\",\"inLanguage\":\"es\",\"@id\":\"https:\/\/www.cudieshop.com\/es\/producto\/turron-catanies-200g\/#primaryimage\",\"url\":\"https:\/\/www.cudieshop.com\/wp-content\/uploads\/2019\/10\/Banners-grans-news-2-7.jpg\",\"contentUrl\":\"https:\/\/www.cudieshop.com\/wp-content\/uploads\/2019\/10\/Banners-grans-news-2-7.jpg\",\"width\":600,\"height\":600,\"caption\":\"Torr\u00f3 de Catanias Cudi\u00e9 200g\"},{\"@type\":\"BreadcrumbList\",\"@id\":\"https:\/\/www.cudieshop.com\/es\/producto\/turron-catanies-200g\/#breadcrumb\",\"itemListElement\":[{\"@type\":\"ListItem\",\"position\":1,\"name\":\"Inici\",\"item\":\"https:\/\/www.cudieshop.com\/es\/\"},{\"@type\":\"ListItem\",\"position\":2,\"name\":\"Productos\",\"item\":\"https:\/\/www.cudieshop.com\/es\/shop\/\"},{\"@type\":\"ListItem\",\"position\":3,\"name\":\"Turr\u00f3n Catanias 200g\"}]},{\"@type\":\"WebSite\",\"@id\":\"https:\/\/www.cudieshop.com\/#website\",\"url\":\"https:\/\/www.cudieshop.com\/\",\"name\":\"Cudieshop\",\"description\":\"Bombons Cudi\u00e9\",\"potentialAction\":[{\"@type\":\"SearchAction\",\"target\":{\"@type\":\"EntryPoint\",\"urlTemplate\":\"https:\/\/www.cudieshop.com\/?s={search_term_string}\"},\"query-input\":\"required name=search_term_string\"}],\"inLanguage\":\"es\"}]}<\/script>\n<!-- \/ Yoast SEO plugin. -->","yoast_head_json":{"title":"Turr\u00f3n de Catanias 200 gr. | Cudi\u00e9 Tienda Online","description":"Las famosas catanias de Cudi\u00e9 convertidas en una original, deliciosa y elegante barra de turr\u00f3n. Turr\u00f3n Gourmet de Catanias: \u00a1no te dejar\u00e1 indiferente!","robots":{"index":"index","follow":"follow","max-snippet":"max-snippet:-1","max-image-preview":"max-image-preview:large","max-video-preview":"max-video-preview:-1"},"canonical":"https:\/\/www.cudieshop.com\/es\/producto\/turron-catanies-200g\/","og_locale":"es_ES","og_type":"article","og_title":"Turr\u00f3n de Catanias 200 gr. | Cudi\u00e9 Tienda Online","og_description":"Las famosas catanias de Cudi\u00e9 convertidas en una original, deliciosa y elegante barra de turr\u00f3n. Turr\u00f3n Gourmet de Catanias: \u00a1no te dejar\u00e1 indiferente!","og_url":"https:\/\/www.cudieshop.com\/es\/producto\/turron-catanies-200g\/","og_site_name":"Cudieshop","article_modified_time":"2024-05-09T14:18:12+00:00","og_image":[{"width":600,"height":600,"url":"https:\/\/www.cudieshop.com\/wp-content\/uploads\/2019\/10\/Banners-grans-news-2-7.jpg","type":"image\/jpeg"}],"twitter_card":"summary_large_image","twitter_misc":{"Tiempo de lectura":"1 minuto"},"schema":{"@context":"https:\/\/schema.org","@graph":[{"@type":"WebPage","@id":"https:\/\/www.cudieshop.com\/es\/producto\/turron-catanies-200g\/","url":"https:\/\/www.cudieshop.com\/es\/producto\/turron-catanies-200g\/","name":"Turr\u00f3n de Catanias 200 gr. | Cudi\u00e9 Tienda Online","isPartOf":{"@id":"https:\/\/www.cudieshop.com\/#website"},"primaryImageOfPage":{"@id":"https:\/\/www.cudieshop.com\/es\/producto\/turron-catanies-200g\/#primaryimage"},"image":{"@id":"https:\/\/www.cudieshop.com\/es\/producto\/turron-catanies-200g\/#primaryimage"},"thumbnailUrl":"https:\/\/www.cudieshop.com\/wp-content\/uploads\/2019\/10\/Banners-grans-news-2-7.jpg","datePublished":"2019-10-01T22:00:00+00:00","dateModified":"2024-05-09T14:18:12+00:00","description":"Las famosas catanias de Cudi\u00e9 convertidas en una original, deliciosa y elegante barra de turr\u00f3n. Turr\u00f3n Gourmet de Catanias: \u00a1no te dejar\u00e1 indiferente!","breadcrumb":{"@id":"https:\/\/www.cudieshop.com\/es\/producto\/turron-catanies-200g\/#breadcrumb"},"inLanguage":"es","potentialAction":[{"@type":"ReadAction","target":["https:\/\/www.cudieshop.com\/es\/producto\/turron-catanies-200g\/"]}]},{"@type":"ImageObject","inLanguage":"es","@id":"https:\/\/www.cudieshop.com\/es\/producto\/turron-catanies-200g\/#primaryimage","url":"https:\/\/www.cudieshop.com\/wp-content\/uploads\/2019\/10\/Banners-grans-news-2-7.jpg","contentUrl":"https:\/\/www.cudieshop.com\/wp-content\/uploads\/2019\/10\/Banners-grans-news-2-7.jpg","width":600,"height":600,"caption":"Torr\u00f3 de Catanias Cudi\u00e9 200g"},{"@type":"BreadcrumbList","@id":"https:\/\/www.cudieshop.com\/es\/producto\/turron-catanies-200g\/#breadcrumb","itemListElement":[{"@type":"ListItem","position":1,"name":"Inici","item":"https:\/\/www.cudieshop.com\/es\/"},{"@type":"ListItem","position":2,"name":"Productos","item":"https:\/\/www.cudieshop.com\/es\/shop\/"},{"@type":"ListItem","position":3,"name":"Turr\u00f3n Catanias 200g"}]},{"@type":"WebSite","@id":"https:\/\/www.cudieshop.com\/#website","url":"https:\/\/www.cudieshop.com\/","name":"Cudieshop","description":"Bombons Cudi\u00e9","potentialAction":[{"@type":"SearchAction","target":{"@type":"EntryPoint","urlTemplate":"https:\/\/www.cudieshop.com\/?s={search_term_string}"},"query-input":"required name=search_term_string"}],"inLanguage":"es"}]}},"_links":{"self":[{"href":"https:\/\/www.cudieshop.com\/es\/wp-json\/wp\/v2\/product\/11792"}],"collection":[{"href":"https:\/\/www.cudieshop.com\/es\/wp-json\/wp\/v2\/product"}],"about":[{"href":"https:\/\/www.cudieshop.com\/es\/wp-json\/wp\/v2\/types\/product"}],"wp:featuredmedia":[{"embeddable":true,"href":"https:\/\/www.cudieshop.com\/es\/wp-json\/wp\/v2\/media\/32248"}],"wp:attachment":[{"href":"https:\/\/www.cudieshop.com\/es\/wp-json\/wp\/v2\/media?parent=11792"}],"wp:term":[{"taxonomy":"product_cat","embeddable":true,"href":"https:\/\/www.cudieshop.com\/es\/wp-json\/wp\/v2\/product_cat?post=11792"},{"taxonomy":"product_tag","embeddable":true,"href":"https:\/\/www.cudieshop.com\/es\/wp-json\/wp\/v2\/product_tag?post=11792"}],"curies":[{"name":"wp","href":"https:\/\/api.w.org\/{rel}","templated":true}]}}