{"id":11633,"date":"2019-09-24T00:00:00","date_gmt":"2019-09-23T22:00:00","guid":{"rendered":"https:\/\/www.cudieshop.com\/producte\/catanies\/"},"modified":"2024-05-09T16:09:15","modified_gmt":"2024-05-09T14:09:15","slug":"catanies","status":"publish","type":"product","link":"https:\/\/www.cudieshop.com\/es\/producto\/catanies\/","title":{"rendered":"Catanias\u00ae"},"content":{"rendered":"<p>Las <strong>Catanias\u00ae<\/strong> impresionan a los paladares m\u00e1s elegantes gracias a sus selectos ingredientes y su original revestimiento de <strong>pralin\u00e9<\/strong>, el secreto mejor guardado de la tradici\u00f3n Cudi\u00e9, desde que en 1946 el maestro chocolatero Josep Cudi\u00e9 creara este bomb\u00f3n delicatessen. El dulce m\u00e1s popular del Pened\u00e8s con fama en todo el mundo.<\/p>\n","protected":false},"excerpt":{"rendered":"<p>Las<strong> Catanias\u00ae<\/strong> son la creaci\u00f3n m\u00e1s emblem\u00e1tica de <strong>Catanias\u00ae Cudi\u00e9<\/strong>: una irresistible combinaci\u00f3n de frutos secos y chocolate. Elaboradas artesanalmente con la reina de las almendras, la <strong>Marcona mediterr\u00e1nea<\/strong>, caramelizada a fuego lento, recubiertas con un exquisito <strong>pralin\u00e9<\/strong> blanco y con una envoltura final de cacao en polvo de primera calidad. Sin gluten.<\/p>\n","protected":false},"featured_media":31100,"template":"","meta":[],"product_cat":[12,33],"product_tag":[],"yoast_head":"<!-- This site is optimized with the Yoast SEO plugin v22.6 - https:\/\/yoast.com\/wordpress\/plugins\/seo\/ -->\n<title>Catanias Cudi\u00e9 | Bombons Cudi\u00e9 Tienda Online<\/title>\n<meta name=\"description\" content=\"Las Catanias\u00ae impresionan a los paladares m\u00e1s elegantes gracias a sus selectos ingredientes y su original revestimiento de pralin\u00e9. \u00a1Pru\u00e9balas!\" \/>\n<meta name=\"robots\" content=\"index, follow, max-snippet:-1, max-image-preview:large, max-video-preview:-1\" \/>\n<link rel=\"canonical\" href=\"https:\/\/www.cudieshop.com\/es\/producto\/catanies\/\" \/>\n<meta property=\"og:locale\" content=\"es_ES\" \/>\n<meta property=\"og:type\" content=\"article\" \/>\n<meta property=\"og:title\" content=\"Catanias Cudi\u00e9 | Bombons Cudi\u00e9 Tienda Online\" \/>\n<meta property=\"og:description\" content=\"Las Catanias\u00ae impresionan a los paladares m\u00e1s elegantes gracias a sus selectos ingredientes y su original revestimiento de pralin\u00e9. \u00a1Pru\u00e9balas!\" \/>\n<meta property=\"og:url\" content=\"https:\/\/www.cudieshop.com\/es\/producto\/catanies\/\" \/>\n<meta property=\"og:site_name\" content=\"Cudieshop\" \/>\n<meta property=\"article:modified_time\" content=\"2024-05-09T14:09:15+00:00\" \/>\n<meta property=\"og:image\" content=\"https:\/\/www.cudieshop.com\/wp-content\/uploads\/2019\/09\/Banners-Cudie\u0301-mobile-4.jpg\" \/>\n\t<meta property=\"og:image:width\" content=\"800\" \/>\n\t<meta property=\"og:image:height\" content=\"800\" \/>\n\t<meta property=\"og:image:type\" content=\"image\/jpeg\" \/>\n<meta name=\"twitter:card\" content=\"summary_large_image\" \/>\n<meta name=\"twitter:label1\" content=\"Tiempo de lectura\" \/>\n\t<meta name=\"twitter:data1\" content=\"1 minuto\" \/>\n<script type=\"application\/ld+json\" class=\"yoast-schema-graph\">{\"@context\":\"https:\/\/schema.org\",\"@graph\":[{\"@type\":\"WebPage\",\"@id\":\"https:\/\/www.cudieshop.com\/es\/producto\/catanies\/\",\"url\":\"https:\/\/www.cudieshop.com\/es\/producto\/catanies\/\",\"name\":\"Catanias Cudi\u00e9 | Bombons Cudi\u00e9 Tienda Online\",\"isPartOf\":{\"@id\":\"https:\/\/www.cudieshop.com\/#website\"},\"primaryImageOfPage\":{\"@id\":\"https:\/\/www.cudieshop.com\/es\/producto\/catanies\/#primaryimage\"},\"image\":{\"@id\":\"https:\/\/www.cudieshop.com\/es\/producto\/catanies\/#primaryimage\"},\"thumbnailUrl\":\"https:\/\/www.cudieshop.com\/wp-content\/uploads\/2019\/09\/Banners-Cudie\u0301-mobile-4.jpg\",\"datePublished\":\"2019-09-23T22:00:00+00:00\",\"dateModified\":\"2024-05-09T14:09:15+00:00\",\"description\":\"Las Catanias\u00ae impresionan a los paladares m\u00e1s elegantes gracias a sus selectos ingredientes y su original revestimiento de pralin\u00e9. \u00a1Pru\u00e9balas!\",\"breadcrumb\":{\"@id\":\"https:\/\/www.cudieshop.com\/es\/producto\/catanies\/#breadcrumb\"},\"inLanguage\":\"es\",\"potentialAction\":[{\"@type\":\"ReadAction\",\"target\":[\"https:\/\/www.cudieshop.com\/es\/producto\/catanies\/\"]}]},{\"@type\":\"ImageObject\",\"inLanguage\":\"es\",\"@id\":\"https:\/\/www.cudieshop.com\/es\/producto\/catanies\/#primaryimage\",\"url\":\"https:\/\/www.cudieshop.com\/wp-content\/uploads\/2019\/09\/Banners-Cudie\u0301-mobile-4.jpg\",\"contentUrl\":\"https:\/\/www.cudieshop.com\/wp-content\/uploads\/2019\/09\/Banners-Cudie\u0301-mobile-4.jpg\",\"width\":800,\"height\":800},{\"@type\":\"BreadcrumbList\",\"@id\":\"https:\/\/www.cudieshop.com\/es\/producto\/catanies\/#breadcrumb\",\"itemListElement\":[{\"@type\":\"ListItem\",\"position\":1,\"name\":\"Inici\",\"item\":\"https:\/\/www.cudieshop.com\/es\/\"},{\"@type\":\"ListItem\",\"position\":2,\"name\":\"Productos\",\"item\":\"https:\/\/www.cudieshop.com\/es\/shop\/\"},{\"@type\":\"ListItem\",\"position\":3,\"name\":\"Catanias\u00ae\"}]},{\"@type\":\"WebSite\",\"@id\":\"https:\/\/www.cudieshop.com\/#website\",\"url\":\"https:\/\/www.cudieshop.com\/\",\"name\":\"Cudieshop\",\"description\":\"Bombons Cudi\u00e9\",\"potentialAction\":[{\"@type\":\"SearchAction\",\"target\":{\"@type\":\"EntryPoint\",\"urlTemplate\":\"https:\/\/www.cudieshop.com\/?s={search_term_string}\"},\"query-input\":\"required name=search_term_string\"}],\"inLanguage\":\"es\"}]}<\/script>\n<!-- \/ Yoast SEO plugin. -->","yoast_head_json":{"title":"Catanias Cudi\u00e9 | Bombons Cudi\u00e9 Tienda Online","description":"Las Catanias\u00ae impresionan a los paladares m\u00e1s elegantes gracias a sus selectos ingredientes y su original revestimiento de pralin\u00e9. \u00a1Pru\u00e9balas!","robots":{"index":"index","follow":"follow","max-snippet":"max-snippet:-1","max-image-preview":"max-image-preview:large","max-video-preview":"max-video-preview:-1"},"canonical":"https:\/\/www.cudieshop.com\/es\/producto\/catanies\/","og_locale":"es_ES","og_type":"article","og_title":"Catanias Cudi\u00e9 | Bombons Cudi\u00e9 Tienda Online","og_description":"Las Catanias\u00ae impresionan a los paladares m\u00e1s elegantes gracias a sus selectos ingredientes y su original revestimiento de pralin\u00e9. \u00a1Pru\u00e9balas!","og_url":"https:\/\/www.cudieshop.com\/es\/producto\/catanies\/","og_site_name":"Cudieshop","article_modified_time":"2024-05-09T14:09:15+00:00","og_image":[{"width":800,"height":800,"url":"https:\/\/www.cudieshop.com\/wp-content\/uploads\/2019\/09\/Banners-Cudie\u0301-mobile-4.jpg","type":"image\/jpeg"}],"twitter_card":"summary_large_image","twitter_misc":{"Tiempo de lectura":"1 minuto"},"schema":{"@context":"https:\/\/schema.org","@graph":[{"@type":"WebPage","@id":"https:\/\/www.cudieshop.com\/es\/producto\/catanies\/","url":"https:\/\/www.cudieshop.com\/es\/producto\/catanies\/","name":"Catanias Cudi\u00e9 | Bombons Cudi\u00e9 Tienda Online","isPartOf":{"@id":"https:\/\/www.cudieshop.com\/#website"},"primaryImageOfPage":{"@id":"https:\/\/www.cudieshop.com\/es\/producto\/catanies\/#primaryimage"},"image":{"@id":"https:\/\/www.cudieshop.com\/es\/producto\/catanies\/#primaryimage"},"thumbnailUrl":"https:\/\/www.cudieshop.com\/wp-content\/uploads\/2019\/09\/Banners-Cudie\u0301-mobile-4.jpg","datePublished":"2019-09-23T22:00:00+00:00","dateModified":"2024-05-09T14:09:15+00:00","description":"Las Catanias\u00ae impresionan a los paladares m\u00e1s elegantes gracias a sus selectos ingredientes y su original revestimiento de pralin\u00e9. \u00a1Pru\u00e9balas!","breadcrumb":{"@id":"https:\/\/www.cudieshop.com\/es\/producto\/catanies\/#breadcrumb"},"inLanguage":"es","potentialAction":[{"@type":"ReadAction","target":["https:\/\/www.cudieshop.com\/es\/producto\/catanies\/"]}]},{"@type":"ImageObject","inLanguage":"es","@id":"https:\/\/www.cudieshop.com\/es\/producto\/catanies\/#primaryimage","url":"https:\/\/www.cudieshop.com\/wp-content\/uploads\/2019\/09\/Banners-Cudie\u0301-mobile-4.jpg","contentUrl":"https:\/\/www.cudieshop.com\/wp-content\/uploads\/2019\/09\/Banners-Cudie\u0301-mobile-4.jpg","width":800,"height":800},{"@type":"BreadcrumbList","@id":"https:\/\/www.cudieshop.com\/es\/producto\/catanies\/#breadcrumb","itemListElement":[{"@type":"ListItem","position":1,"name":"Inici","item":"https:\/\/www.cudieshop.com\/es\/"},{"@type":"ListItem","position":2,"name":"Productos","item":"https:\/\/www.cudieshop.com\/es\/shop\/"},{"@type":"ListItem","position":3,"name":"Catanias\u00ae"}]},{"@type":"WebSite","@id":"https:\/\/www.cudieshop.com\/#website","url":"https:\/\/www.cudieshop.com\/","name":"Cudieshop","description":"Bombons Cudi\u00e9","potentialAction":[{"@type":"SearchAction","target":{"@type":"EntryPoint","urlTemplate":"https:\/\/www.cudieshop.com\/?s={search_term_string}"},"query-input":"required name=search_term_string"}],"inLanguage":"es"}]}},"_links":{"self":[{"href":"https:\/\/www.cudieshop.com\/es\/wp-json\/wp\/v2\/product\/11633"}],"collection":[{"href":"https:\/\/www.cudieshop.com\/es\/wp-json\/wp\/v2\/product"}],"about":[{"href":"https:\/\/www.cudieshop.com\/es\/wp-json\/wp\/v2\/types\/product"}],"wp:featuredmedia":[{"embeddable":true,"href":"https:\/\/www.cudieshop.com\/es\/wp-json\/wp\/v2\/media\/31100"}],"wp:attachment":[{"href":"https:\/\/www.cudieshop.com\/es\/wp-json\/wp\/v2\/media?parent=11633"}],"wp:term":[{"taxonomy":"product_cat","embeddable":true,"href":"https:\/\/www.cudieshop.com\/es\/wp-json\/wp\/v2\/product_cat?post=11633"},{"taxonomy":"product_tag","embeddable":true,"href":"https:\/\/www.cudieshop.com\/es\/wp-json\/wp\/v2\/product_tag?post=11633"}],"curies":[{"name":"wp","href":"https:\/\/api.w.org\/{rel}","templated":true}]}}