{"id":5739,"date":"2018-05-28T12:34:13","date_gmt":"2018-05-28T10:34:13","guid":{"rendered":"http:\/\/www.cudieshop.com\/?page_id=5739"},"modified":"2026-02-12T10:11:01","modified_gmt":"2026-02-12T09:11:01","slug":"politica-de-privacidad","status":"publish","type":"page","link":"https:\/\/www.cudieshop.com\/es\/politica-de-privacidad\/","title":{"rendered":"Pol\u00edtica de privacidad"},"content":{"rendered":"<div class=\"wpb-content-wrapper\"><p>[vc_row][vc_column][vc_column_text]<strong>1. INFORMACI\u00d3N AL USUARIO<\/strong><\/p>\n<p>BOMBONS CUDIE SA es el <strong>responsable del tratamiento<\/strong> de los datos personales del <strong>interesado <\/strong>y le informa de que estos datos se tratar\u00e1n de conformidad con lo dispuesto en el Reglamento (UE) 2016\/679, de 27 de abril (RGPD), y la Ley Org\u00e1nica 3\/2018, de 5 de diciembre (LOPDGDD), por lo que se le facilita la siguiente informaci\u00f3n del tratamiento:<\/p>\n<h4><b>FORMULARIO WEB<\/b>: datos recogidos en el formulario web<\/h4>\n<p><b>Fines del tratamiento:<\/b> Dar respuesta a las consultas o cualquier tipo de peticio\u0301n que sea realizada por el usuario a trave\u0301s de cualquiera de las formas de contacto que se ponen a su disposicio\u0301n en la pa\u0301gina web del responsable (por el intere\u0301s legi\u0301timo del responsable, art. 6.1.f GDPR). Realizar ana\u0301lisis estadi\u0301sticos y estudios de mercado (por el intere\u0301s legi\u0301timo del responsable, art. 6.1.f GDPR). Gestionar su compra o pedido online, procesar el pago y proceder al env\u00edo o activaci\u00f3n del mismo, en base a las condiciones generales de contrataci\u00f3n (para la ejecuci\u00f3n de un contrato o precontrato, 6.1.b GDPR). Gestionar, mantener, mejorar o desarrollar los servicios prestados (para la ejecuci\u00f3n de un contrato o precontrato, 6.1.b GDPR)<\/p>\n<p><b>Legitimaci\u00f3n del tratamiento:<\/b> Por un INTER\u00c9S LEG\u00cdTIMO del Responsable del tratamiento o Tercero (art\u00edculo 6.1.f GDPR), para la EJECUCI\u00d3N DE UN CONTRATO o precontrato (art\u00edculo 6.1.b GDPR).<\/p>\n<p><b>Criterios de conservaci\u00f3n de los datos:<\/b> conservados durante no m\u00e1s tiempo del necesario para mantener el fin del tratamiento o mientras existan prescripciones legales que dictaminen su custodia<\/p>\n<p><b>Comunicaci\u00f3n de los datos:<\/b> se informa de que no se comunican los datos a terceros, salvo por obligaci\u00f3n legal<\/p>\n<p>&nbsp;<\/p>\n<h4><b>PUBLICIDAD COMERCIAL<\/b>: gesti\u00f3n publicitaria, prospecci\u00f3n comercial y env\u00edo de mailings y newsletter.<\/h4>\n<p><b>Fines del tratamiento:<\/b> publicidad y prospecci\u00f3n comercial<\/p>\n<p><b>Legitimaci\u00f3n del tratamiento:<\/b> CONSENTIMIENTO del interesado para fines espec\u00edficos (art\u00edculo 6.1.a GDPR)<\/p>\n<p><b>Criterios de conservaci\u00f3n de los datos:<\/b> conservados durante no m\u00e1s tiempo del necesario para mantener el fin del tratamiento o mientras existan prescripciones legales que dictaminen su custodia<\/p>\n<p><b>Comunicaci\u00f3n de los datos:<\/b> se informa de que no se comunican los datos a terceros, salvo por obligaci\u00f3n legal<\/p>\n<p><b>Transferencias internacionales de datos:<\/b> Se INFORMA que los datos pueden ser transferidas a pa\u00edses fuera del EEE mediante una DECISI\u00d3N De ADECUACI\u00d3N de la Comisi\u00f3n Europea, para el env\u00edo de comunicaciones comerciales y newsletters a trav\u00e9s de Mailchimp<\/p>\n<p>&nbsp;<\/p>\n<h4>DERECHOS Y DATOS DE CONTACTO<\/h4>\n<p><strong>Derechos que asisten al interesado<\/strong>:<\/p>\n<ul>\n<li>Derecho a retirar el consentimiento en cualquier momento, cuando el tratamiento se base en el consentimiento del interesado.<\/li>\n<li>Derecho de acceso, rectificaci\u00f3n, portabilidad y supresi\u00f3n de sus datos y de limitaci\u00f3n u oposici\u00f3n a su tratamiento.<\/li>\n<li>Derecho a presentar una reclamaci\u00f3n ante la Autoridad de control (www.aepd.es) si considera que el tratamiento no se ajusta a la normativa vigente.<\/li>\n<\/ul>\n<p><strong>Datos de contacto para ejercer sus derechos:<\/strong><\/p>\n<p>BOMBONS CUDIE SA Rambla Sant Francesc, 1 &#8211; 08720 Vilafranca del Pened\u00e8s (Barcelona). E-mail: cudie@bombonscudie.com<\/p>\n<p><strong>2. CAR\u00c1CTER OBLIGATORIO O FACULTATIVO DE LA INFORMACI\u00d3N FACILITADA POR EL USUARIO<\/strong><\/p>\n<p><span style=\"font-size: small;\">Los USUARIOS, mediante la marcaci\u00f3n de las casillas correspondientes y la entrada de datos en los campos, marcados con un asterisco (*) en el formulario de contacto o presentados en formularios de descarga, aceptan expresamente y de forma libre e inequ\u00edvoca, que sus datos son necesarios para atender su petici\u00f3n, por parte del prestador, siendo voluntaria la inclusi\u00f3n de datos en los campos restantes. El USUARIO garantiza que los datos personales facilitados al RESPONSABLE son veraces y se hace responsable de comunicar cualquier modificaci\u00f3n de los mismos.<\/span><\/p>\n<p><span style=\"font-size: small;\">El RESPONSABLE informa de que todos los datos solicitados a trav\u00e9s del sitio web son obligatorios, ya que son necesarios para la prestaci\u00f3n de un servicio \u00f3ptimo al USUARIO. En caso de que no se faciliten todos los datos, no se garantiza que la informaci\u00f3n y servicios facilitados sean completamente ajustados a sus necesidades.<\/span><\/p>\n<p><strong>3. MEDIDAS DE SEGURIDAD<\/strong><\/p>\n<p><span style=\"font-size: small;\">Que de conformidad con lo dispuesto en las normativas vigentes en protecci\u00f3n de datos personales, el RESPONSABLE est\u00e1 cumpliendo con todas las disposiciones de las normativas RGPD y LOPDGDD para el tratamiento de los datos personales de su responsabilidad, y manifiestamente con los principios descritos en el art\u00edculo 5 del RGPD, por los cuales son tratados de manera l\u00edcita, leal y transparente en relaci\u00f3n con el interesado y adecuados, pertinentes y limitados a lo necesario en relaci\u00f3n con los fines para los que son tratados.<\/span><\/p>\n<p><span style=\"font-size: small;\">El RESPONSABLE garantiza que ha implementado pol\u00edticas t\u00e9cnicas y organizativas apropiadas para aplicar las medidas de seguridad que establecen el RGPD y la LOPDGDD con el fin de proteger los derechos y libertades de los USUARIOS y les ha comunicado la informaci\u00f3n adecuada para que puedan ejercerlos.<\/span><\/p>\n<p><span style=\"font-size: small;\">Para m\u00e1s informaci\u00f3n sobre las garant\u00edas de privacidad, puedes dirigirte al RESPONSABLE a trav\u00e9s de BOMBONS CUDIE SA. Rambla Sant Francesc, 1 &#8211; 08720 Vilafranca del Pened\u00e8s (Barcelona). E-mail: cudie@bombonscudie.com<\/span>[\/vc_column_text][\/vc_column][\/vc_row]<\/p>\n<\/div>","protected":false},"excerpt":{"rendered":"<p>[vc_row][vc_column][vc_column_text]1. INFORMACI\u00d3N AL USUARIO BOMBONS CUDIE SA es el responsable del tratamiento de los datos personales del interesado y le informa de que estos datos se tratar\u00e1n de conformidad con lo dispuesto en el Reglamento (UE) 2016\/679, de 27 de &hellip; <a href=\"https:\/\/www.cudieshop.com\/es\/politica-de-privacidad\/\">Readmore<\/a><\/p>\n","protected":false},"author":3,"featured_media":0,"parent":0,"menu_order":0,"comment_status":"closed","ping_status":"closed","template":"","meta":{"footnotes":""},"yoast_head":"<!-- This site is optimized with the Yoast SEO plugin v22.6 - https:\/\/yoast.com\/wordpress\/plugins\/seo\/ -->\n<title>Pol\u00edtica de privacidad - Cudieshop<\/title>\n<meta name=\"robots\" content=\"index, follow, max-snippet:-1, max-image-preview:large, max-video-preview:-1\" \/>\n<link rel=\"canonical\" href=\"https:\/\/www.cudieshop.com\/es\/politica-de-privacidad\/\" \/>\n<meta property=\"og:locale\" content=\"es_ES\" \/>\n<meta property=\"og:type\" content=\"article\" \/>\n<meta property=\"og:title\" content=\"Pol\u00edtica de privacidad - Cudieshop\" \/>\n<meta property=\"og:description\" content=\"[vc_row][vc_column][vc_column_text]1. INFORMACI\u00d3N AL USUARIO BOMBONS CUDIE SA es el responsable del tratamiento de los datos personales del interesado y le informa de que estos datos se tratar\u00e1n de conformidad con lo dispuesto en el Reglamento (UE) 2016\/679, de 27 de &hellip; Readmore\" \/>\n<meta property=\"og:url\" content=\"https:\/\/www.cudieshop.com\/es\/politica-de-privacidad\/\" \/>\n<meta property=\"og:site_name\" content=\"Cudieshop\" \/>\n<meta property=\"article:modified_time\" content=\"2026-02-12T09:11:01+00:00\" \/>\n<meta name=\"twitter:card\" content=\"summary_large_image\" \/>\n<meta name=\"twitter:label1\" content=\"Tiempo de lectura\" \/>\n\t<meta name=\"twitter:data1\" content=\"5 minutos\" \/>\n<script type=\"application\/ld+json\" class=\"yoast-schema-graph\">{\"@context\":\"https:\/\/schema.org\",\"@graph\":[{\"@type\":\"WebPage\",\"@id\":\"https:\/\/www.cudieshop.com\/es\/politica-de-privacidad\/\",\"url\":\"https:\/\/www.cudieshop.com\/es\/politica-de-privacidad\/\",\"name\":\"Pol\u00edtica de privacidad - Cudieshop\",\"isPartOf\":{\"@id\":\"https:\/\/www.cudieshop.com\/#website\"},\"datePublished\":\"2018-05-28T10:34:13+00:00\",\"dateModified\":\"2026-02-12T09:11:01+00:00\",\"breadcrumb\":{\"@id\":\"https:\/\/www.cudieshop.com\/es\/politica-de-privacidad\/#breadcrumb\"},\"inLanguage\":\"es\",\"potentialAction\":[{\"@type\":\"ReadAction\",\"target\":[\"https:\/\/www.cudieshop.com\/es\/politica-de-privacidad\/\"]}]},{\"@type\":\"BreadcrumbList\",\"@id\":\"https:\/\/www.cudieshop.com\/es\/politica-de-privacidad\/#breadcrumb\",\"itemListElement\":[{\"@type\":\"ListItem\",\"position\":1,\"name\":\"Inici\",\"item\":\"https:\/\/www.cudieshop.com\/es\/\"},{\"@type\":\"ListItem\",\"position\":2,\"name\":\"Pol\u00edtica de privacidad\"}]},{\"@type\":\"WebSite\",\"@id\":\"https:\/\/www.cudieshop.com\/#website\",\"url\":\"https:\/\/www.cudieshop.com\/\",\"name\":\"Cudieshop\",\"description\":\"Bombons Cudi\u00e9\",\"potentialAction\":[{\"@type\":\"SearchAction\",\"target\":{\"@type\":\"EntryPoint\",\"urlTemplate\":\"https:\/\/www.cudieshop.com\/?s={search_term_string}\"},\"query-input\":\"required name=search_term_string\"}],\"inLanguage\":\"es\"}]}<\/script>\n<!-- \/ Yoast SEO plugin. -->","yoast_head_json":{"title":"Pol\u00edtica de privacidad - Cudieshop","robots":{"index":"index","follow":"follow","max-snippet":"max-snippet:-1","max-image-preview":"max-image-preview:large","max-video-preview":"max-video-preview:-1"},"canonical":"https:\/\/www.cudieshop.com\/es\/politica-de-privacidad\/","og_locale":"es_ES","og_type":"article","og_title":"Pol\u00edtica de privacidad - Cudieshop","og_description":"[vc_row][vc_column][vc_column_text]1. INFORMACI\u00d3N AL USUARIO BOMBONS CUDIE SA es el responsable del tratamiento de los datos personales del interesado y le informa de que estos datos se tratar\u00e1n de conformidad con lo dispuesto en el Reglamento (UE) 2016\/679, de 27 de &hellip; Readmore","og_url":"https:\/\/www.cudieshop.com\/es\/politica-de-privacidad\/","og_site_name":"Cudieshop","article_modified_time":"2026-02-12T09:11:01+00:00","twitter_card":"summary_large_image","twitter_misc":{"Tiempo de lectura":"5 minutos"},"schema":{"@context":"https:\/\/schema.org","@graph":[{"@type":"WebPage","@id":"https:\/\/www.cudieshop.com\/es\/politica-de-privacidad\/","url":"https:\/\/www.cudieshop.com\/es\/politica-de-privacidad\/","name":"Pol\u00edtica de privacidad - Cudieshop","isPartOf":{"@id":"https:\/\/www.cudieshop.com\/#website"},"datePublished":"2018-05-28T10:34:13+00:00","dateModified":"2026-02-12T09:11:01+00:00","breadcrumb":{"@id":"https:\/\/www.cudieshop.com\/es\/politica-de-privacidad\/#breadcrumb"},"inLanguage":"es","potentialAction":[{"@type":"ReadAction","target":["https:\/\/www.cudieshop.com\/es\/politica-de-privacidad\/"]}]},{"@type":"BreadcrumbList","@id":"https:\/\/www.cudieshop.com\/es\/politica-de-privacidad\/#breadcrumb","itemListElement":[{"@type":"ListItem","position":1,"name":"Inici","item":"https:\/\/www.cudieshop.com\/es\/"},{"@type":"ListItem","position":2,"name":"Pol\u00edtica de privacidad"}]},{"@type":"WebSite","@id":"https:\/\/www.cudieshop.com\/#website","url":"https:\/\/www.cudieshop.com\/","name":"Cudieshop","description":"Bombons Cudi\u00e9","potentialAction":[{"@type":"SearchAction","target":{"@type":"EntryPoint","urlTemplate":"https:\/\/www.cudieshop.com\/?s={search_term_string}"},"query-input":"required name=search_term_string"}],"inLanguage":"es"}]}},"_links":{"self":[{"href":"https:\/\/www.cudieshop.com\/es\/wp-json\/wp\/v2\/pages\/5739"}],"collection":[{"href":"https:\/\/www.cudieshop.com\/es\/wp-json\/wp\/v2\/pages"}],"about":[{"href":"https:\/\/www.cudieshop.com\/es\/wp-json\/wp\/v2\/types\/page"}],"author":[{"embeddable":true,"href":"https:\/\/www.cudieshop.com\/es\/wp-json\/wp\/v2\/users\/3"}],"replies":[{"embeddable":true,"href":"https:\/\/www.cudieshop.com\/es\/wp-json\/wp\/v2\/comments?post=5739"}],"version-history":[{"count":7,"href":"https:\/\/www.cudieshop.com\/es\/wp-json\/wp\/v2\/pages\/5739\/revisions"}],"predecessor-version":[{"id":34965,"href":"https:\/\/www.cudieshop.com\/es\/wp-json\/wp\/v2\/pages\/5739\/revisions\/34965"}],"wp:attachment":[{"href":"https:\/\/www.cudieshop.com\/es\/wp-json\/wp\/v2\/media?parent=5739"}],"curies":[{"name":"wp","href":"https:\/\/api.w.org\/{rel}","templated":true}]}}