{"id":5746,"date":"2018-05-28T12:38:43","date_gmt":"2018-05-28T10:38:43","guid":{"rendered":"http:\/\/www.cudieshop.com\/?page_id=5746"},"modified":"2023-12-13T12:48:48","modified_gmt":"2023-12-13T11:48:48","slug":"conditions-of-purchase","status":"publish","type":"page","link":"https:\/\/www.cudieshop.com\/en\/conditions-of-purchase\/","title":{"rendered":"Conditions of purchase"},"content":{"rendered":"<div class=\"wpb-content-wrapper\"><p>[vc_row][vc_column][vc_column_text]<strong>0. OBJETO<\/strong><br \/>\nLas presentes Condiciones Generales regulan la adquisici\u00f3n de los productos ofertados en el sitio web cudieshop.com, del que es titular Bombons Cudi\u00e9 SA (en adelante, Cat\u00e0nies Cudi\u00e9).<br \/>\nLa adquisici\u00f3n de cualesquiera de los productos conlleva la aceptaci\u00f3n plena y sin reservas de todas y cada una de las Condiciones Generales que se indican, sin perjuicio de la aceptaci\u00f3n de las Condiciones Particulares que pudieran ser de aplicaci\u00f3n al adquirir determinados productos.<br \/>\nEstas Condiciones Generales podr\u00e1n ser modificadas sin notificaci\u00f3n previa, por tanto, es recomendable leer atentamente su contenido antes de proceder a la adquisici\u00f3n de cualquiera de los productos ofertados.<\/p>\n<p><strong>1. IDENTIFICACI\u00d3N<\/strong><br \/>\nCat\u00e0nies Cudi\u00e9, en cumplimiento de la Ley 34\/2002, de 11 de julio, de Servicios de la Sociedad de la Informaci\u00f3n y de Comercio Electr\u00f3nico, le informa de que:<br \/>\n\u2022 Su denominaci\u00f3n social es: Bombons Cudi\u00e9 SA.<br \/>\n\u2022 Su nombre comercial es: Cat\u00e0nies Cudi\u00e9.<br \/>\n\u2022 Su CIF es: A58076027.<br \/>\n\u2022 Su domicilio social est\u00e1 en: Pol. Ind. Clot de Moja &#8211; C. Ull de Llebre, 39 &#8211; 08734 Ol\u00e8rdola &#8211; Vilafranca del Pened\u00e8s &#8211; Barcelona (Espa\u00f1a).<br \/>\n\u2022 Est\u00e1 inscrita en el Registro Mercantil de Barcelona \u008d T 45485, F 31, S 8, HB70650.<\/p>\n<p><strong>2. COMUNICACIONES<\/strong><br \/>\nPara comunicarse con nosotros, ponemos a su disposici\u00f3n diferentes medios de contacto que detallamos a continuaci\u00f3n:<br \/>\n\u2022 Tfno: 938900017.<br \/>\n\u2022 Email: cudie@bombonscudie.com.<br \/>\n\u2022 Direcci\u00f3n postal: Pol. Ind. Clot de Moja &#8211; C. Ull de Llebre, 39, 08734 Ol\u00e8rdola &#8211; Vilafranca (Barcelona).<br \/>\nTodas las notificaciones y comunicaciones entre los usuarios y Cat\u00e0nies Cudi\u00e9 se considerar\u00e1n eficaces, a todos los efectos, cuando se realicen a trav\u00e9s de cualquier medio de los detallados anteriormente.<\/p>\n<p><strong>3. PRODUCTOS<\/strong><br \/>\nLos productos ofertados, junto con las caracter\u00edsticas principales de los mismos y su precio aparecen en pantalla.<br \/>\nCat\u00e0nies Cudi\u00e9 se reserva el derecho de decidir, en cada momento, los productos y\/o servicios que se ofrecen a los Clientes. De este modo, Cat\u00e0nies Cudi\u00e9 podr\u00e1, en cualquier momento, a\u00f1adir nuevos productos y\/o servicios a los ofertados actualmente. Asimismo Cat\u00e0nies Cudi\u00e9 se reserva el derecho a retirar o dejar de ofrecer, en cualquier momento, y sin previo aviso, cualesquiera de los productos ofrecidos.<br \/>\nUna vez dentro de cudieshop.com, y para acceder a la contrataci\u00f3n de los distintos productos, el Usuario deber\u00e1 seguir todas las instrucciones indicadas en el proceso de compra, lo cual supondr\u00e1 la lectura y aceptaci\u00f3n de todas las condiciones generales y particulares fijadas en cudieshop.com.<\/p>\n<p><strong>4. DISPONIBILIDAD Y SUSTITUCIONES<\/strong><br \/>\n<strong>PRODUCTOS<\/strong><br \/>\nCat\u00e0nies Cudi\u00e9 pretende garantizar la disponibilidad de todos los productos que est\u00e1n publicitados a trav\u00e9s de cudieshop.com. No obstante, en el caso de que cualquier producto solicitado no estuviera disponible o si el mismo se hubiera agotado, se le informar\u00e1 al cliente lo antes posible por v\u00eda telef\u00f3nica o correo electr\u00f3nico lo antes posible.<br \/>\nDe no hallarse disponible el producto, y habiendo sido informado de ello el consumidor, Cat\u00e0nies Cudi\u00e9 podr\u00e1 suministrar un producto de similares caracter\u00edsticas sin aumento de precio, en cuyo caso, el consumidor podr\u00e1 aceptarlo o rechazarlo ejerciendo su derecho de desistimiento y resoluci\u00f3n del contrato.<br \/>\nEn caso de indisponibilidad de la totalidad o parte del pedido, y el rechazo de los productos de sustituci\u00f3n por el cliente, el reembolso previamente abonado, se efectuar\u00e1 a trav\u00e9s de ingreso en cuenta que nos facilite el cliente<\/p>\n<p><strong>5. PROCESO DE COMPRA Y\/O CONTRATACI\u00d3N<\/strong><br \/>\nPara realizar cualquier compra en cudieshop.com, es necesario que el cliente sea mayor de edad.<br \/>\nLos pasos a seguir para realizar la compra son:<br \/>\n1. Seleccionar producto\/os.<br \/>\n2. Ir a carrito de compra.<br \/>\n3. Hacer click en el bot\u00f3n [Finalizar].<br \/>\n4. Rellenar datos de facturaci\u00f3n.<br \/>\n5. Elegir m\u00e9todo de pago.<br \/>\n6. Aceptar la pol\u00edtica de privacidad y los t\u00e9rminos y condiciones.<br \/>\n7. Confirmar pedido.<br \/>\n8. Recepci\u00f3n v\u00eda mail de confirmaci\u00f3n.<br \/>\nEl contrato se archivar\u00e1 electr\u00f3nicamente.<br \/>\nAsimismo es recomendable que el cliente imprima y\/o guarde una copia en soporte duradero de las condiciones de venta al realizar su pedido, as\u00ed como tambi\u00e9n del comprobante de recepci\u00f3n enviado por Cat\u00e0nies Cudi\u00e9 por correo electr\u00f3nico.<br \/>\n<strong>FACTURACI\u00d3N<\/strong><br \/>\nJunto con su pedido, recibir\u00e1 la correspondiente factura.<br \/>\nA tal efecto, el cliente consiente que dicha factura se le remita en formato electr\u00f3nico. El cliente la recibir\u00e1 en papel s\u00f3lo si el cliente lo solicita, se enviar\u00e1 con el pedido.<\/p>\n<p><strong>6. DURACI\u00d3N Y CANCELACI\u00d3N DEL CONTRATO<\/strong><br \/>\n<strong>DURACI\u00d3N<\/strong><br \/>\nHasta la entrega del pedido.<br \/>\n<strong>CANCELACI\u00d3N<\/strong><br \/>\nNo se podr\u00e1 cancelar o modificar el pedido una vez tramitado.<\/p>\n<p><strong>7. ENTREGA<\/strong><br \/>\nEl pedido ser\u00e1 entregado en el domicilio designado por el cliente en el momento de la contrataci\u00f3n seg\u00fan la modalidad escogida.<br \/>\nEl \u00e1mbito de entrega recoge las siguientes zonas: Nacional, s\u00f3lo pen\u00ednsula e Islas Baleares. No se realizan env\u00edos a Canarias, Ceuta y Melilla.<br \/>\nFORMAS Y PLAZOS DE ENTREGA<br \/>\n1. Transporte:<br \/>\nDesde la salida de nuestro almac\u00e9n, el plazo de entrega es de 48\/72 horas.<\/p>\n<p style=\"text-align: center\"><strong>During the Christmas campaign, deliveries within 48-72 hours are not guaranteed due to possible saturation of the courier service.<\/strong><\/p>\n<p>If at the time of delivery, the customer is not at the indicated address, the carrier will contact him (via phone or leave a note for him to contact the transport agency). In this way, we will try to coordinate a second delivery the next day. At Catanias\u00ae\u00a0Cudi\u00e9 we have organized the delivery logistics so that the product travels in the best conditions, therefore, it is important to receive the order on the first delivery, and we cannot be held responsible for the state of the product after two days from the scheduled delivery, and without the customer being able to claim a refund of the purchased amount.<\/p>\n<p><strong>8. PRECIOS, GASTOS E IMPUESTOS<\/strong><br \/>\nLos precios de los productos que se recogen en cudieshop.com vendr\u00e1n expresados en Euros salvo que se exprese lo contrario y estar\u00e1n garantizados durante el tiempo de validez de los mismos, salvo error de impresi\u00f3n y sea cual sea el destino del pedido.<br \/>\n<strong>PRODUCTOS<\/strong><br \/>\nLos precios finales de todos los productos, (y en su caso, los precios finales por unidad de medida, cuando sea obligatorio) junto a sus caracter\u00edsticas, las ofertas, descuentos, etc., se reflejan en cada uno de los art\u00edculos que aparecen en el cat\u00e1logo de cudieshop.com.<br \/>\n\u2022 Los productos tienen el IVA incluido.<br \/>\n\u2022 El tipo de IVA es del 10% en productos y 21% en transporte.<br \/>\n\u2022 Gastos de env\u00edo: Pedidos inferiores a 50 \u20ac el coste del env\u00edo es de 5 \u20ac + IVA . GRATIS para pedidos superiores a 50 \u20ac.<br \/>\nLos precios de los productos pueden variar en cualquier momento. En este caso, el precio a aplicar ser\u00e1 el vigente en la fecha de realizaci\u00f3n del pedido. De cualquier modo, el coste final ser\u00e1 comunicado al cliente en el proceso de compra electr\u00f3nica antes de que \u00e9ste formalice su aceptaci\u00f3n.<\/p>\n<p><strong>9. FORMAS DE PAGO<\/strong><br \/>\nPor tarjeta de cr\u00e9dito o d\u00e9bito<br \/>\nVisa y MasterCard.<br \/>\nPuede realizar el pago de manera inmediata a trav\u00e9s de la pasarela de pago seguro SSL de nuestro Banco. Si fuera necesario realizar cualquier devoluci\u00f3n o cancelaci\u00f3n del pedido, el importe se reembolsar\u00e1 a trav\u00e9s de la misma tarjeta de pago.<\/p>\n<p><strong>10. POL\u00cdTICA DE DEVOLUCIONES Y DESISTIMIENTO<\/strong><br \/>\nSeg\u00fan establece la normativa, el consumidor y usuario no podr\u00e1 DESISTIR del contrato de acuerdo en el art. 107.2 y 108 del RD1\/2007, de 16 de noviembre, por el que se aprueba el texto referido de la Ley General para la Defensa de los Consumidores y Usuarios.<br \/>\nEste derecho de desistimiento no es aplicable por el siguiente motivo:<br \/>\n\u2022 Los contratos de suministro de productos que por su naturaleza no puedan ser devueltos o puedan deteriorarse o caducar con rapidez.<\/p>\n<p><strong>11. RESPONSABILIDAD Y EXONERACI\u00d3N DE RESPONSABILIDAD<\/strong><br \/>\nEl consumidor y usuario tiene derecho a la reparaci\u00f3n del producto, a su sustituci\u00f3n, a la rebaja del precio o a la resoluci\u00f3n del contrato, seg\u00fan lo establecido en el Cap\u00edtulo II T\u00edt. IV Libro II de la Ley General para la Defensa de los Consumidores y Usuarios.<br \/>\nSi el producto no fuera conforme con el contrato, el consumidor podr\u00e1 optar entre la reparaci\u00f3n o la sustituci\u00f3n del producto, siendo ambas gratuitas para el consumidor, las cuales se llevar\u00e1n a cabo en un plazo de tiempo razonable en funci\u00f3n de la naturaleza de los productos y la finalidad a la que estuvieran destinadas.<br \/>\nSi concluida la reparaci\u00f3n y entregado el producto, \u00e9ste sigue siendo no conforme al contrato, el consumidor podr\u00e1 exigir su sustituci\u00f3n, la rebaja del precio o la resoluci\u00f3n del contrato.<\/p>\n<p><strong>12. ATENCI\u00d3N AL CLIENTE Y RECLAMACIONES<\/strong><br \/>\nPara interponer cualquier queja o reclamaci\u00f3n ante Cat\u00e0nies Cudi\u00e9 el cliente deber\u00e1 dirigirse al departamento de atenci\u00f3n al cliente bien en el n\u00famero de tel\u00e9fono 938903541, bien a trav\u00e9s de la direcci\u00f3n de correo electr\u00f3nico atencioclient@bombonscudie.com.<br \/>\nSeg\u00fan la Resoluci\u00f3n de litigios en l\u00ednea en materia de consumo de la UE y conforme al Art. 14.1 del Reglamento (UE) 524\/2013, le informamos que la Comisi\u00f3n Europea facilita a todos los consumidores una plataforma de resoluci\u00f3n de litigios en l\u00ednea que se encuentra disponible en el siguiente enlace: http:\/\/ec.europa.eu\/consumers\/odr\/.<\/p>\n<p><strong>13. LEGISLACI\u00d3N APLICABLE<\/strong><br \/>\nLas condiciones presentes se regir\u00e1n por la legislaci\u00f3n espa\u00f1ola vigente.<br \/>\nLa lengua utilizada ser\u00e1 el Castellano.[\/vc_column_text][\/vc_column][\/vc_row]<\/p>\n<\/div>","protected":false},"excerpt":{"rendered":"<p>[vc_row][vc_column][vc_column_text]0. OBJETO Las presentes Condiciones Generales regulan la adquisici\u00f3n de los productos ofertados en el sitio web cudieshop.com, del que es titular Bombons Cudi\u00e9 SA (en adelante, Cat\u00e0nies Cudi\u00e9). La adquisici\u00f3n de cualesquiera de los productos conlleva la aceptaci\u00f3n plena &hellip; <a href=\"https:\/\/www.cudieshop.com\/en\/conditions-of-purchase\/\">Readmore<\/a><\/p>\n","protected":false},"author":3,"featured_media":0,"parent":0,"menu_order":0,"comment_status":"closed","ping_status":"closed","template":"","meta":{"footnotes":""},"yoast_head":"<!-- This site is optimized with the Yoast SEO plugin v22.6 - https:\/\/yoast.com\/wordpress\/plugins\/seo\/ -->\n<title>Conditions of purchase - Cudieshop<\/title>\n<meta name=\"robots\" content=\"index, follow, max-snippet:-1, max-image-preview:large, max-video-preview:-1\" \/>\n<link rel=\"canonical\" href=\"https:\/\/www.cudieshop.com\/en\/conditions-of-purchase\/\" \/>\n<meta property=\"og:locale\" content=\"en_US\" \/>\n<meta property=\"og:type\" content=\"article\" \/>\n<meta property=\"og:title\" content=\"Conditions of purchase - Cudieshop\" \/>\n<meta property=\"og:description\" content=\"[vc_row][vc_column][vc_column_text]0. OBJETO Las presentes Condiciones Generales regulan la adquisici\u00f3n de los productos ofertados en el sitio web cudieshop.com, del que es titular Bombons Cudi\u00e9 SA (en adelante, Cat\u00e0nies Cudi\u00e9). La adquisici\u00f3n de cualesquiera de los productos conlleva la aceptaci\u00f3n plena &hellip; Readmore\" \/>\n<meta property=\"og:url\" content=\"https:\/\/www.cudieshop.com\/en\/conditions-of-purchase\/\" \/>\n<meta property=\"og:site_name\" content=\"Cudieshop\" \/>\n<meta property=\"article:modified_time\" content=\"2023-12-13T11:48:48+00:00\" \/>\n<meta name=\"twitter:card\" content=\"summary_large_image\" \/>\n<meta name=\"twitter:label1\" content=\"Est. reading time\" \/>\n\t<meta name=\"twitter:data1\" content=\"8 minutes\" \/>\n<script type=\"application\/ld+json\" class=\"yoast-schema-graph\">{\"@context\":\"https:\/\/schema.org\",\"@graph\":[{\"@type\":\"WebPage\",\"@id\":\"https:\/\/www.cudieshop.com\/en\/conditions-of-purchase\/\",\"url\":\"https:\/\/www.cudieshop.com\/en\/conditions-of-purchase\/\",\"name\":\"Conditions of purchase - Cudieshop\",\"isPartOf\":{\"@id\":\"https:\/\/www.cudieshop.com\/#website\"},\"datePublished\":\"2018-05-28T10:38:43+00:00\",\"dateModified\":\"2023-12-13T11:48:48+00:00\",\"breadcrumb\":{\"@id\":\"https:\/\/www.cudieshop.com\/en\/conditions-of-purchase\/#breadcrumb\"},\"inLanguage\":\"en-US\",\"potentialAction\":[{\"@type\":\"ReadAction\",\"target\":[\"https:\/\/www.cudieshop.com\/en\/conditions-of-purchase\/\"]}]},{\"@type\":\"BreadcrumbList\",\"@id\":\"https:\/\/www.cudieshop.com\/en\/conditions-of-purchase\/#breadcrumb\",\"itemListElement\":[{\"@type\":\"ListItem\",\"position\":1,\"name\":\"Inici\",\"item\":\"https:\/\/www.cudieshop.com\/en\/\"},{\"@type\":\"ListItem\",\"position\":2,\"name\":\"Conditions of purchase\"}]},{\"@type\":\"WebSite\",\"@id\":\"https:\/\/www.cudieshop.com\/#website\",\"url\":\"https:\/\/www.cudieshop.com\/\",\"name\":\"Cudieshop\",\"description\":\"Bombons Cudi\u00e9\",\"potentialAction\":[{\"@type\":\"SearchAction\",\"target\":{\"@type\":\"EntryPoint\",\"urlTemplate\":\"https:\/\/www.cudieshop.com\/?s={search_term_string}\"},\"query-input\":\"required name=search_term_string\"}],\"inLanguage\":\"en-US\"}]}<\/script>\n<!-- \/ Yoast SEO plugin. -->","yoast_head_json":{"title":"Conditions of purchase - Cudieshop","robots":{"index":"index","follow":"follow","max-snippet":"max-snippet:-1","max-image-preview":"max-image-preview:large","max-video-preview":"max-video-preview:-1"},"canonical":"https:\/\/www.cudieshop.com\/en\/conditions-of-purchase\/","og_locale":"en_US","og_type":"article","og_title":"Conditions of purchase - Cudieshop","og_description":"[vc_row][vc_column][vc_column_text]0. OBJETO Las presentes Condiciones Generales regulan la adquisici\u00f3n de los productos ofertados en el sitio web cudieshop.com, del que es titular Bombons Cudi\u00e9 SA (en adelante, Cat\u00e0nies Cudi\u00e9). La adquisici\u00f3n de cualesquiera de los productos conlleva la aceptaci\u00f3n plena &hellip; Readmore","og_url":"https:\/\/www.cudieshop.com\/en\/conditions-of-purchase\/","og_site_name":"Cudieshop","article_modified_time":"2023-12-13T11:48:48+00:00","twitter_card":"summary_large_image","twitter_misc":{"Est. reading time":"8 minutes"},"schema":{"@context":"https:\/\/schema.org","@graph":[{"@type":"WebPage","@id":"https:\/\/www.cudieshop.com\/en\/conditions-of-purchase\/","url":"https:\/\/www.cudieshop.com\/en\/conditions-of-purchase\/","name":"Conditions of purchase - Cudieshop","isPartOf":{"@id":"https:\/\/www.cudieshop.com\/#website"},"datePublished":"2018-05-28T10:38:43+00:00","dateModified":"2023-12-13T11:48:48+00:00","breadcrumb":{"@id":"https:\/\/www.cudieshop.com\/en\/conditions-of-purchase\/#breadcrumb"},"inLanguage":"en-US","potentialAction":[{"@type":"ReadAction","target":["https:\/\/www.cudieshop.com\/en\/conditions-of-purchase\/"]}]},{"@type":"BreadcrumbList","@id":"https:\/\/www.cudieshop.com\/en\/conditions-of-purchase\/#breadcrumb","itemListElement":[{"@type":"ListItem","position":1,"name":"Inici","item":"https:\/\/www.cudieshop.com\/en\/"},{"@type":"ListItem","position":2,"name":"Conditions of purchase"}]},{"@type":"WebSite","@id":"https:\/\/www.cudieshop.com\/#website","url":"https:\/\/www.cudieshop.com\/","name":"Cudieshop","description":"Bombons Cudi\u00e9","potentialAction":[{"@type":"SearchAction","target":{"@type":"EntryPoint","urlTemplate":"https:\/\/www.cudieshop.com\/?s={search_term_string}"},"query-input":"required name=search_term_string"}],"inLanguage":"en-US"}]}},"_links":{"self":[{"href":"https:\/\/www.cudieshop.com\/en\/wp-json\/wp\/v2\/pages\/5746"}],"collection":[{"href":"https:\/\/www.cudieshop.com\/en\/wp-json\/wp\/v2\/pages"}],"about":[{"href":"https:\/\/www.cudieshop.com\/en\/wp-json\/wp\/v2\/types\/page"}],"author":[{"embeddable":true,"href":"https:\/\/www.cudieshop.com\/en\/wp-json\/wp\/v2\/users\/3"}],"replies":[{"embeddable":true,"href":"https:\/\/www.cudieshop.com\/en\/wp-json\/wp\/v2\/comments?post=5746"}],"version-history":[{"count":10,"href":"https:\/\/www.cudieshop.com\/en\/wp-json\/wp\/v2\/pages\/5746\/revisions"}],"predecessor-version":[{"id":31542,"href":"https:\/\/www.cudieshop.com\/en\/wp-json\/wp\/v2\/pages\/5746\/revisions\/31542"}],"wp:attachment":[{"href":"https:\/\/www.cudieshop.com\/en\/wp-json\/wp\/v2\/media?parent=5746"}],"curies":[{"name":"wp","href":"https:\/\/api.w.org\/{rel}","templated":true}]}}